{"id":1278,"date":"2024-06-03T01:11:38","date_gmt":"2024-06-03T01:11:38","guid":{"rendered":"https:\/\/sunwinc.com\/?post_type=product&#038;p=1278"},"modified":"2024-07-16T07:23:23","modified_gmt":"2024-07-16T07:23:23","slug":"sw-144-stainless-steel-knife-fork-and-spoon-cutlery-set","status":"publish","type":"product","link":"https:\/\/www.sunwinc.com\/pt\/produto\/conjunto-de-talheres-de-aco-inoxidavel-forquilha-e-colher-4-2\/","title":{"rendered":"SW-144 Conjunto de talheres de a\u00e7o inoxid\u00e1vel com pre\u00e7o de f\u00e1brica por atacado Conjunto de talheres de prata Conjunto de talheres de mesa Colher de caf\u00e9 Faca Garfo Conjunto de talheres de casamento"},"content":{"rendered":"<p><img decoding=\"async\" src=\"https:\/\/www.sunwinc.com\/wp-content\/uploads\/2024\/07\/SW-144.jpg\" \/><\/p>\n<p>&nbsp;<\/p>\n<p style=\"color: #0f4087\"><span style=\"font-size: 16px;color: #dc5a2f\"><strong>\u25b8 PAR\u00c2METROS DO PRODUTO<\/strong><\/span><\/p>\n<table style=\"height: 131px;width: 100%;border-collapse: collapse;border-style: solid;border-color: #dddddd\" border=\"1\">\n<tbody>\n<tr style=\"height: 24px\">\n<td style=\"width: 17.1956%;height: 24px;border: 1px solid #dddddd;background-color: #f2f2f2\"><strong>Item No:<\/strong><\/td>\n<td style=\"width: 16.6707%;height: 24px;border: 1px solid #dddddd;background-color: #f2f2f2\"><strong>Nome<\/strong><\/td>\n<td style=\"width: 15.654%;height: 24px;border: 1px solid #dddddd;background-color: #f2f2f2\"><strong>Comprimento (mm)<\/strong><\/td>\n<td style=\"width: 16.8075%;height: 24px;border: 1px solid #dddddd;background-color: #f2f2f2\"><strong>Largura (mm)<\/strong><\/td>\n<td style=\"width: 16.5862%;border: 1px solid #dddddd;background-color: #f2f2f2;height: 24px\"><strong>Espessura (mm)<\/strong><\/td>\n<td style=\"width: 17.086%;height: 24px;border: 1px solid #dddddd;background-color: #f2f2f2\"><strong>Peso (g)<\/strong><\/td>\n<\/tr>\n<tr style=\"height: 24px\">\n<td style=\"width: 17.1956%;height: 107px;border: 1px solid #dddddd;vertical-align: middle\" rowspan=\"4\">SW-144<\/td>\n<td style=\"width: 16.6707%;height: 25px;border: 1px solid #dddddd\">Faca de jantar<\/td>\n<td style=\"width: 15.654%;height: 25px;border: 1px solid #dddddd\">225<\/td>\n<td style=\"width: 16.8075%;height: 25px;border: 1px solid #dddddd\">20<\/td>\n<td style=\"width: 16.5862%;border: 1px solid #dddddd;height: 25px\">4.0<\/td>\n<td style=\"width: 17.086%;height: 25px;border: 1px solid #dddddd\">54.5<\/td>\n<\/tr>\n<tr style=\"height: 24px\">\n<td style=\"width: 16.6707%;height: 23px;border: 1px solid #dddddd\">Garfo de jantar<\/td>\n<td style=\"width: 15.654%;height: 23px;border: 1px solid #dddddd\">191<\/td>\n<td style=\"width: 16.8075%;height: 23px;border: 1px solid #dddddd\">11.1<\/td>\n<td style=\"width: 16.5862%;border: 1px solid #dddddd;height: 23px\">2.5<\/td>\n<td style=\"width: 17.086%;height: 23px;border: 1px solid #dddddd\">33.5<\/td>\n<\/tr>\n<tr style=\"height: 24px\">\n<td style=\"width: 16.6707%;height: 25px;border: 1px solid #dddddd\">Colher de jantar<\/td>\n<td style=\"width: 15.654%;height: 25px;border: 1px solid #dddddd\">185<\/td>\n<td style=\"width: 16.8075%;height: 25px;border: 1px solid #dddddd\">11.1<\/td>\n<td style=\"width: 16.5862%;border: 1px solid #dddddd;height: 25px\">2.5<\/td>\n<td style=\"width: 17.086%;height: 25px;border: 1px solid #dddddd\">34.5<\/td>\n<\/tr>\n<tr style=\"height: 41px\">\n<td style=\"width: 16.6707%;border: 1px solid #dddddd;height: 10px\">Colher de ch\u00e1<\/td>\n<td style=\"width: 15.654%;border: 1px solid #dddddd;height: 10px\">140<\/td>\n<td style=\"width: 16.8075%;border: 1px solid #dddddd;height: 10px\">11.1<\/td>\n<td style=\"width: 16.5862%;border: 1px solid #dddddd;height: 10px\">2.0<\/td>\n<td style=\"width: 17.086%;border: 1px solid #dddddd;height: 10px\">18<\/td>\n<\/tr>\n<\/tbody>\n<\/table>\n<p>&nbsp;<\/p>","protected":false},"excerpt":{"rendered":"<p>&nbsp; PAR\u00c2METROS DO PRODUTO N\u00ba do artigo: Nome Comprimento (mm) Largura (mm) Espessura (mm) Peso (g) SW-144 Faca de jantar 225 20 4,0 54,5 Garfo de jantar 191 11,1 2,5 33,5 Colher de jantar 185 11,1 2,5 34,5 Colher de ch\u00e1 140 11,1 2,0 18 &nbsp;<\/p>","protected":false},"featured_media":1854,"template":"","meta":{"_seopress_robots_primary_cat":"none","_seopress_titles_title":"","_seopress_titles_desc":"","_seopress_robots_index":""},"product_brand":[],"product_cat":[37],"product_tag":[38],"class_list":{"0":"post-1278","1":"product","2":"type-product","3":"status-publish","4":"has-post-thumbnail","6":"product_cat-stainless-steel-cutlery","7":"product_tag-recommend","9":"first","10":"instock","11":"shipping-taxable","12":"product-type-simple"},"_links":{"self":[{"href":"https:\/\/www.sunwinc.com\/pt\/wp-json\/wp\/v2\/product\/1278","targetHints":{"allow":["GET"]}}],"collection":[{"href":"https:\/\/www.sunwinc.com\/pt\/wp-json\/wp\/v2\/product"}],"about":[{"href":"https:\/\/www.sunwinc.com\/pt\/wp-json\/wp\/v2\/types\/product"}],"wp:featuredmedia":[{"embeddable":true,"href":"https:\/\/www.sunwinc.com\/pt\/wp-json\/wp\/v2\/media\/1854"}],"wp:attachment":[{"href":"https:\/\/www.sunwinc.com\/pt\/wp-json\/wp\/v2\/media?parent=1278"}],"wp:term":[{"taxonomy":"product_brand","embeddable":true,"href":"https:\/\/www.sunwinc.com\/pt\/wp-json\/wp\/v2\/product_brand?post=1278"},{"taxonomy":"product_cat","embeddable":true,"href":"https:\/\/www.sunwinc.com\/pt\/wp-json\/wp\/v2\/product_cat?post=1278"},{"taxonomy":"product_tag","embeddable":true,"href":"https:\/\/www.sunwinc.com\/pt\/wp-json\/wp\/v2\/product_tag?post=1278"}],"curies":[{"name":"wp","href":"https:\/\/api.w.org\/{rel}","templated":true}]}}