{"id":1277,"date":"2024-06-03T01:10:40","date_gmt":"2024-06-03T01:10:40","guid":{"rendered":"https:\/\/sunwinc.com\/?post_type=product&#038;p=1277"},"modified":"2024-07-16T07:21:11","modified_gmt":"2024-07-16T07:21:11","slug":"sw-035-stainless-steel-knife-fork-and-spoon-cutlery-set","status":"publish","type":"product","link":"https:\/\/www.sunwinc.com\/pt\/produto\/sw-035-conjunto-de-talheres-de-forquilha-e-colher-em-aco-inoxidavel\/","title":{"rendered":"SW-030 Conjunto de talheres de a\u00e7o inoxid\u00e1vel elegante Faca de bife de cavaleiro Garfo Colher Conjunto de talheres de casamento Seguro para m\u00e1quina de lavar lou\u00e7a"},"content":{"rendered":"<p><img fetchpriority=\"high\" decoding=\"async\" class=\"size-large wp-image-1796 aligncenter\" src=\"https:\/\/www.sunwinc.com\/wp-content\/uploads\/2024\/07\/SW-030-1024x1024.jpg\" alt=\"sw 007 produtos em tend\u00eancia 2024 novidades martelos conjunto de talheres de faca, garfo e colher em a\u00e7o inoxid\u00e1vel 304\" width=\"800\" height=\"800\" srcset=\"https:\/\/www.sunwinc.com\/wp-content\/uploads\/2024\/07\/SW-030-1024x1024.jpg 1024w, https:\/\/www.sunwinc.com\/wp-content\/uploads\/2024\/07\/SW-030-600x600.jpg 600w, https:\/\/www.sunwinc.com\/wp-content\/uploads\/2024\/07\/SW-030-100x100.jpg 100w, https:\/\/www.sunwinc.com\/wp-content\/uploads\/2024\/07\/SW-030-300x300.jpg 300w, https:\/\/www.sunwinc.com\/wp-content\/uploads\/2024\/07\/SW-030-150x150.jpg 150w, https:\/\/www.sunwinc.com\/wp-content\/uploads\/2024\/07\/SW-030-768x768.jpg 768w, https:\/\/www.sunwinc.com\/wp-content\/uploads\/2024\/07\/SW-030-1536x1536.jpg 1536w, https:\/\/www.sunwinc.com\/wp-content\/uploads\/2024\/07\/SW-030-2048x2048.jpg 2048w, https:\/\/www.sunwinc.com\/wp-content\/uploads\/2024\/07\/SW-030-12x12.jpg 12w\" sizes=\"(max-width: 800px) 100vw, 800px\" \/><\/p>\n<p>&nbsp;<\/p>\n<p style=\"color: #0f4087\"><span style=\"font-size: 16px;color: #dc5a2f\"><strong>\u25b8 PAR\u00c2METROS DO PRODUTO<\/strong><\/span><\/p>\n<table style=\"height: 131px;width: 100%;border-collapse: collapse;border-style: solid;border-color: #dddddd\" border=\"1\">\n<tbody>\n<tr style=\"height: 24px\">\n<td style=\"width: 17.1956%;height: 24px;border: 1px solid #dddddd;background-color: #f2f2f2\"><strong>Item No:<\/strong><\/td>\n<td style=\"width: 16.6707%;height: 24px;border: 1px solid #dddddd;background-color: #f2f2f2\"><strong>Nome<\/strong><\/td>\n<td style=\"width: 15.654%;height: 24px;border: 1px solid #dddddd;background-color: #f2f2f2\"><strong>Comprimento (mm)<\/strong><\/td>\n<td style=\"width: 16.8075%;height: 24px;border: 1px solid #dddddd;background-color: #f2f2f2\"><strong>Largura (mm)<\/strong><\/td>\n<td style=\"width: 16.5862%;border: 1px solid #dddddd;background-color: #f2f2f2;height: 24px\"><strong>Espessura (mm)<\/strong><\/td>\n<td style=\"width: 17.086%;height: 24px;border: 1px solid #dddddd;background-color: #f2f2f2\"><strong>Peso (g)<\/strong><\/td>\n<\/tr>\n<tr style=\"height: 24px\">\n<td style=\"width: 17.1956%;height: 107px;border: 1px solid #dddddd;vertical-align: middle\" rowspan=\"4\">SW-030<\/td>\n<td style=\"width: 16.6707%;height: 25px;border: 1px solid #dddddd\">Faca de jantar<\/td>\n<td style=\"width: 15.654%;height: 25px;border: 1px solid #dddddd\">225<\/td>\n<td style=\"width: 16.8075%;height: 25px;border: 1px solid #dddddd\">19.8<\/td>\n<td style=\"width: 16.5862%;border: 1px solid #dddddd;height: 25px\">5.0<\/td>\n<td style=\"width: 17.086%;height: 25px;border: 1px solid #dddddd\">67.6<\/td>\n<\/tr>\n<tr style=\"height: 24px\">\n<td style=\"width: 16.6707%;height: 23px;border: 1px solid #dddddd\">Garfo de jantar<\/td>\n<td style=\"width: 15.654%;height: 23px;border: 1px solid #dddddd\">207<\/td>\n<td style=\"width: 16.8075%;height: 23px;border: 1px solid #dddddd\">11<\/td>\n<td style=\"width: 16.5862%;border: 1px solid #dddddd;height: 23px\">2.5<\/td>\n<td style=\"width: 17.086%;height: 23px;border: 1px solid #dddddd\">40.5<\/td>\n<\/tr>\n<tr style=\"height: 24px\">\n<td style=\"width: 16.6707%;height: 25px;border: 1px solid #dddddd\">Colher de jantar<\/td>\n<td style=\"width: 15.654%;height: 25px;border: 1px solid #dddddd\">190<\/td>\n<td style=\"width: 16.8075%;height: 25px;border: 1px solid #dddddd\">11<\/td>\n<td style=\"width: 16.5862%;border: 1px solid #dddddd;height: 25px\">2.5<\/td>\n<td style=\"width: 17.086%;height: 25px;border: 1px solid #dddddd\">54.5<\/td>\n<\/tr>\n<tr style=\"height: 41px\">\n<td style=\"width: 16.6707%;border: 1px solid #dddddd;height: 10px\">Colher de ch\u00e1<\/td>\n<td style=\"width: 15.654%;border: 1px solid #dddddd;height: 10px\">138<\/td>\n<td style=\"width: 16.8075%;border: 1px solid #dddddd;height: 10px\">11<\/td>\n<td style=\"width: 16.5862%;border: 1px solid #dddddd;height: 10px\">2.0<\/td>\n<td style=\"width: 17.086%;border: 1px solid #dddddd;height: 10px\">19<\/td>\n<\/tr>\n<\/tbody>\n<\/table>\n<p>&nbsp;<\/p>","protected":false},"excerpt":{"rendered":"<p>&nbsp; PAR\u00c2METROS DO PRODUTO N\u00ba do artigo: Nome Comprimento (mm) Largura (mm) Espessura (mm) Peso (g) SW-030 Faca de jantar 225 19,8 5,0 67,6 Garfo de jantar 207 11 2,5 40,5 Colher de jantar 190 11 2,5 54,5 Colher de ch\u00e1 138 11 2,0 19 &nbsp;<\/p>","protected":false},"featured_media":1796,"template":"","meta":{"_seopress_robots_primary_cat":"none","_seopress_titles_title":"","_seopress_titles_desc":"","_seopress_robots_index":""},"product_brand":[],"product_cat":[37],"product_tag":[38],"class_list":{"0":"post-1277","1":"product","2":"type-product","3":"status-publish","4":"has-post-thumbnail","6":"product_cat-stainless-steel-cutlery","7":"product_tag-recommend","9":"first","10":"instock","11":"shipping-taxable","12":"product-type-simple"},"_links":{"self":[{"href":"https:\/\/www.sunwinc.com\/pt\/wp-json\/wp\/v2\/product\/1277","targetHints":{"allow":["GET"]}}],"collection":[{"href":"https:\/\/www.sunwinc.com\/pt\/wp-json\/wp\/v2\/product"}],"about":[{"href":"https:\/\/www.sunwinc.com\/pt\/wp-json\/wp\/v2\/types\/product"}],"wp:featuredmedia":[{"embeddable":true,"href":"https:\/\/www.sunwinc.com\/pt\/wp-json\/wp\/v2\/media\/1796"}],"wp:attachment":[{"href":"https:\/\/www.sunwinc.com\/pt\/wp-json\/wp\/v2\/media?parent=1277"}],"wp:term":[{"taxonomy":"product_brand","embeddable":true,"href":"https:\/\/www.sunwinc.com\/pt\/wp-json\/wp\/v2\/product_brand?post=1277"},{"taxonomy":"product_cat","embeddable":true,"href":"https:\/\/www.sunwinc.com\/pt\/wp-json\/wp\/v2\/product_cat?post=1277"},{"taxonomy":"product_tag","embeddable":true,"href":"https:\/\/www.sunwinc.com\/pt\/wp-json\/wp\/v2\/product_tag?post=1277"}],"curies":[{"name":"wp","href":"https:\/\/api.w.org\/{rel}","templated":true}]}}