{"id":2489,"date":"2024-11-06T02:38:41","date_gmt":"2024-11-06T02:38:41","guid":{"rendered":"https:\/\/www.sunwinc.com\/?page_id=2489"},"modified":"2026-01-19T06:59:07","modified_gmt":"2026-01-19T06:59:07","slug":"info","status":"publish","type":"page","link":"https:\/\/www.sunwinc.com\/pt\/informacao\/","title":{"rendered":"Informa\u00e7\u00f5es"},"content":{"rendered":"<div data-elementor-type=\"wp-page\" data-elementor-id=\"2489\" class=\"elementor elementor-2489\" data-elementor-post-type=\"page\">\n\t\t\t\t<div class=\"elementor-element elementor-element-b9c2c74 e-flex e-con-boxed e-con e-parent\" data-id=\"b9c2c74\" data-element_type=\"container\" data-settings=\"{&quot;background_background&quot;:&quot;classic&quot;}\">\n\t\t\t\t\t<div class=\"e-con-inner\">\n\t\t\t\t<div class=\"elementor-element elementor-element-4cdc80a0 elementor-widget elementor-widget-heading\" data-id=\"4cdc80a0\" data-element_type=\"widget\" data-widget_type=\"heading.default\">\n\t\t\t\t<div class=\"elementor-widget-container\">\n\t\t\t\t\t<h2 class=\"elementor-heading-title elementor-size-default\">Fundada em 2005<\/h2>\t\t\t\t<\/div>\n\t\t\t\t<\/div>\n\t\t\t\t<div class=\"elementor-element elementor-element-2db65c elementor-widget elementor-widget-text-editor\" data-id=\"2db65c\" data-element_type=\"widget\" data-widget_type=\"text-editor.default\">\n\t\t\t\t<div class=\"elementor-widget-container\">\n\t\t\t\t\t\t\t\t\t<p>Se n\u00e3o encontrar os produtos que procura aqui, contacte-nos para obter mais produtos. Temos muito mais produtos dispon\u00edveis fora do s\u00edtio.<\/p>\t\t\t\t\t\t\t\t<\/div>\n\t\t\t\t<\/div>\n\t\t\t\t\t<\/div>\n\t\t\t\t<\/div>\n\t\t<div class=\"elementor-element elementor-element-38a55e63 e-flex e-con-boxed e-con e-parent\" data-id=\"38a55e63\" data-element_type=\"container\">\n\t\t\t\t\t<div class=\"e-con-inner\">\n\t\t<div class=\"elementor-element elementor-element-7d48c6f9 e-con-full e-flex e-con e-child\" data-id=\"7d48c6f9\" data-element_type=\"container\">\n\t\t\t\t<div class=\"elementor-element elementor-element-dd20b9e elementor-grid-3 elementor-grid-tablet-2 elementor-grid-mobile-1 elementor-posts--thumbnail-top elementor-card-shadow-yes elementor-posts__hover-gradient elementor-widget elementor-widget-posts\" data-id=\"dd20b9e\" data-element_type=\"widget\" data-settings=\"{&quot;cards_row_gap_tablet&quot;:{&quot;unit&quot;:&quot;px&quot;,&quot;size&quot;:35,&quot;sizes&quot;:[]},&quot;cards_row_gap_mobile&quot;:{&quot;unit&quot;:&quot;px&quot;,&quot;size&quot;:30,&quot;sizes&quot;:[]},&quot;pagination_type&quot;:&quot;numbers_and_prev_next&quot;,&quot;cards_columns&quot;:&quot;3&quot;,&quot;cards_columns_tablet&quot;:&quot;2&quot;,&quot;cards_columns_mobile&quot;:&quot;1&quot;,&quot;cards_row_gap&quot;:{&quot;unit&quot;:&quot;px&quot;,&quot;size&quot;:35,&quot;sizes&quot;:[]}}\" data-widget_type=\"posts.cards\">\n\t\t\t\t<div class=\"elementor-widget-container\">\n\t\t\t\t\t\t\t<div class=\"elementor-posts-container elementor-posts elementor-posts--skin-cards elementor-grid\" role=\"list\">\n\t\t\t\t<article class=\"elementor-post elementor-grid-item post-2815 page type-page status-publish has-post-thumbnail hentry\" role=\"listitem\">\n\t\t\t<div class=\"elementor-post__card\">\n\t\t\t\t<a class=\"elementor-post__thumbnail__link\" href=\"https:\/\/www.sunwinc.com\/pt\/informacao\/gold-cutlery-bulk\/\" tabindex=\"-1\" ><div class=\"elementor-post__thumbnail\"><img fetchpriority=\"high\" decoding=\"async\" width=\"800\" height=\"800\" src=\"https:\/\/www.sunwinc.com\/wp-content\/uploads\/2024\/07\/SW-8806.jpg\" class=\"attachment-full size-full wp-image-2325\" alt=\"sw 8805 faca de a\u00e7o inoxid\u00e1vel garfo e colher conjunto de embalagem de talheres (\u590d\u5236)\" srcset=\"https:\/\/www.sunwinc.com\/wp-content\/uploads\/2024\/07\/SW-8806.jpg 800w, https:\/\/www.sunwinc.com\/wp-content\/uploads\/2024\/07\/SW-8806-600x600.jpg 600w, https:\/\/www.sunwinc.com\/wp-content\/uploads\/2024\/07\/SW-8806-100x100.jpg 100w, https:\/\/www.sunwinc.com\/wp-content\/uploads\/2024\/07\/SW-8806-300x300.jpg 300w, https:\/\/www.sunwinc.com\/wp-content\/uploads\/2024\/07\/SW-8806-150x150.jpg 150w, https:\/\/www.sunwinc.com\/wp-content\/uploads\/2024\/07\/SW-8806-768x768.jpg 768w, https:\/\/www.sunwinc.com\/wp-content\/uploads\/2024\/07\/SW-8806-12x12.jpg 12w\" sizes=\"(max-width: 800px) 100vw, 800px\" \/><\/div><\/a>\n\t\t\t\t<div class=\"elementor-post__text\">\n\t\t\t\t<h3 class=\"elementor-post__title\">\n\t\t\t<a href=\"https:\/\/www.sunwinc.com\/pt\/informacao\/gold-cutlery-bulk\/\" >\n\t\t\t\tTalheres de Ouro Premium Encomendas a granel para empresas\t\t\t<\/a>\n\t\t<\/h3>\n\t\t\t\t<div class=\"elementor-post__excerpt\">\n\t\t\t<p>Fundada em 2005 Explore os talheres de ouro de alta qualidade da Sunwinc a granel para as suas necessidades B2B. Ideal<\/p>\n\t\t<\/div>\n\t\t\t\t<\/div>\n\t\t\t\t<div class=\"elementor-post__meta-data\">\n\t\t\t\t\t<span class=\"elementor-post-date\">\n\t\t\t19 de janeiro de 2026\t\t<\/span>\n\t\t\t\t<\/div>\n\t\t\t\t\t<\/div>\n\t\t<\/article>\n\t\t\t\t<article class=\"elementor-post elementor-grid-item post-2800 page type-page status-publish has-post-thumbnail hentry\" role=\"listitem\">\n\t\t\t<div class=\"elementor-post__card\">\n\t\t\t\t<a class=\"elementor-post__thumbnail__link\" href=\"https:\/\/www.sunwinc.com\/pt\/informacao\/18-10-stainless-steel-flatware\/\" tabindex=\"-1\" ><div class=\"elementor-post__thumbnail\"><img decoding=\"async\" width=\"2500\" height=\"2500\" src=\"https:\/\/www.sunwinc.com\/wp-content\/uploads\/2024\/07\/Kings.jpg\" class=\"attachment-full size-full wp-image-1776\" alt=\"sw 007 conjunto de garfo faca e colher de alta qualidade talheres de a\u00e7o inoxid\u00e1vel talheres de a\u00e7o inoxid\u00e1vel para restaurante (\u590d\u5236)\" srcset=\"https:\/\/www.sunwinc.com\/wp-content\/uploads\/2024\/07\/Kings.jpg 2500w, https:\/\/www.sunwinc.com\/wp-content\/uploads\/2024\/07\/Kings-600x600.jpg 600w, https:\/\/www.sunwinc.com\/wp-content\/uploads\/2024\/07\/Kings-100x100.jpg 100w, https:\/\/www.sunwinc.com\/wp-content\/uploads\/2024\/07\/Kings-300x300.jpg 300w, https:\/\/www.sunwinc.com\/wp-content\/uploads\/2024\/07\/Kings-1024x1024.jpg 1024w, https:\/\/www.sunwinc.com\/wp-content\/uploads\/2024\/07\/Kings-150x150.jpg 150w, https:\/\/www.sunwinc.com\/wp-content\/uploads\/2024\/07\/Kings-768x768.jpg 768w, https:\/\/www.sunwinc.com\/wp-content\/uploads\/2024\/07\/Kings-1536x1536.jpg 1536w, https:\/\/www.sunwinc.com\/wp-content\/uploads\/2024\/07\/Kings-2048x2048.jpg 2048w, https:\/\/www.sunwinc.com\/wp-content\/uploads\/2024\/07\/Kings-12x12.jpg 12w\" sizes=\"(max-width: 2500px) 100vw, 2500px\" \/><\/div><\/a>\n\t\t\t\t<div class=\"elementor-post__text\">\n\t\t\t\t<h3 class=\"elementor-post__title\">\n\t\t\t<a href=\"https:\/\/www.sunwinc.com\/pt\/informacao\/18-10-stainless-steel-flatware\/\" >\n\t\t\t\tTalheres de a\u00e7o inoxid\u00e1vel 18\/10 de alta qualidade para as suas necessidades B2B\t\t\t<\/a>\n\t\t<\/h3>\n\t\t\t\t<div class=\"elementor-post__excerpt\">\n\t\t\t<p>Fundada em 2005 Descubra os talheres de a\u00e7o inoxid\u00e1vel 18\/10 de primeira qualidade da Sunwinc, perfeitos para compras a granel<\/p>\n\t\t<\/div>\n\t\t\t\t<\/div>\n\t\t\t\t<div class=\"elementor-post__meta-data\">\n\t\t\t\t\t<span class=\"elementor-post-date\">\n\t\t\t19 de janeiro de 2026\t\t<\/span>\n\t\t\t\t<\/div>\n\t\t\t\t\t<\/div>\n\t\t<\/article>\n\t\t\t\t<article class=\"elementor-post elementor-grid-item post-2721 page type-page status-publish has-post-thumbnail hentry\" role=\"listitem\">\n\t\t\t<div class=\"elementor-post__card\">\n\t\t\t\t<a class=\"elementor-post__thumbnail__link\" href=\"https:\/\/www.sunwinc.com\/pt\/informacao\/grossista-utensilios-de-cozinha-conjuntos-fornecedor-confiavel-com-moq-descontos\/\" tabindex=\"-1\" ><div class=\"elementor-post__thumbnail\"><img decoding=\"async\" width=\"663\" height=\"663\" src=\"https:\/\/www.sunwinc.com\/wp-content\/uploads\/2024\/05\/Sunwinc-Cutlery-2.webp\" class=\"attachment-full size-full wp-image-256\" alt=\"Conjuntos de talheres de cozinha por atacado - Fornecedor fi\u00e1vel com descontos MOQ\" srcset=\"https:\/\/www.sunwinc.com\/wp-content\/uploads\/2024\/05\/Sunwinc-Cutlery-2.webp 663w, https:\/\/www.sunwinc.com\/wp-content\/uploads\/2024\/05\/Sunwinc-Cutlery-2-600x600.webp 600w, https:\/\/www.sunwinc.com\/wp-content\/uploads\/2024\/05\/Sunwinc-Cutlery-2-100x100.webp 100w, https:\/\/www.sunwinc.com\/wp-content\/uploads\/2024\/05\/Sunwinc-Cutlery-2-300x300.webp 300w, https:\/\/www.sunwinc.com\/wp-content\/uploads\/2024\/05\/Sunwinc-Cutlery-2-150x150.webp 150w, https:\/\/www.sunwinc.com\/wp-content\/uploads\/2024\/05\/Sunwinc-Cutlery-2-12x12.webp 12w\" sizes=\"(max-width: 663px) 100vw, 663px\" \/><\/div><\/a>\n\t\t\t\t<div class=\"elementor-post__text\">\n\t\t\t\t<h3 class=\"elementor-post__title\">\n\t\t\t<a href=\"https:\/\/www.sunwinc.com\/pt\/informacao\/grossista-utensilios-de-cozinha-conjuntos-fornecedor-confiavel-com-moq-descontos\/\" >\n\t\t\t\tConjuntos de talheres de cozinha por atacado - Fornecedor fi\u00e1vel com descontos MOQ\t\t\t<\/a>\n\t\t<\/h3>\n\t\t\t\t<div class=\"elementor-post__excerpt\">\n\t\t\t<p>Fundada em 2005 INFO Source conjuntos de talheres de cozinha diretos da f\u00e1brica - mais de 100 modelos, grava\u00e7\u00e3o personalizada &amp;<\/p>\n\t\t<\/div>\n\t\t\t\t<\/div>\n\t\t\t\t<div class=\"elementor-post__meta-data\">\n\t\t\t\t\t<span class=\"elementor-post-date\">\n\t\t\tfevereiro 26, 2025\t\t<\/span>\n\t\t\t\t<\/div>\n\t\t\t\t\t<\/div>\n\t\t<\/article>\n\t\t\t\t<article class=\"elementor-post elementor-grid-item post-2701 page type-page status-publish has-post-thumbnail hentry\" role=\"listitem\">\n\t\t\t<div class=\"elementor-post__card\">\n\t\t\t\t<a class=\"elementor-post__thumbnail__link\" href=\"https:\/\/www.sunwinc.com\/pt\/informacao\/wholesale-goldware-flatware-custom-oem-solutions-available\/\" tabindex=\"-1\" ><div class=\"elementor-post__thumbnail\"><img loading=\"lazy\" decoding=\"async\" width=\"1000\" height=\"1000\" src=\"https:\/\/www.sunwinc.com\/wp-content\/uploads\/2024\/07\/SW-8804.jpg\" class=\"attachment-full size-full wp-image-2324\" alt=\"sw 8805 faca de a\u00e7o inoxid\u00e1vel garfo e colher conjunto de embalagem de talheres (\u590d\u5236)\" srcset=\"https:\/\/www.sunwinc.com\/wp-content\/uploads\/2024\/07\/SW-8804.jpg 1000w, https:\/\/www.sunwinc.com\/wp-content\/uploads\/2024\/07\/SW-8804-600x600.jpg 600w, https:\/\/www.sunwinc.com\/wp-content\/uploads\/2024\/07\/SW-8804-100x100.jpg 100w, https:\/\/www.sunwinc.com\/wp-content\/uploads\/2024\/07\/SW-8804-300x300.jpg 300w, https:\/\/www.sunwinc.com\/wp-content\/uploads\/2024\/07\/SW-8804-150x150.jpg 150w, https:\/\/www.sunwinc.com\/wp-content\/uploads\/2024\/07\/SW-8804-768x768.jpg 768w, https:\/\/www.sunwinc.com\/wp-content\/uploads\/2024\/07\/SW-8804-12x12.jpg 12w\" sizes=\"(max-width: 1000px) 100vw, 1000px\" \/><\/div><\/a>\n\t\t\t\t<div class=\"elementor-post__text\">\n\t\t\t\t<h3 class=\"elementor-post__title\">\n\t\t\t<a href=\"https:\/\/www.sunwinc.com\/pt\/informacao\/wholesale-goldware-flatware-custom-oem-solutions-available\/\" >\n\t\t\t\tTalheres de ouro por atacado - Solu\u00e7\u00f5es OEM personalizadas dispon\u00edveis\t\t\t<\/a>\n\t\t<\/h3>\n\t\t\t\t<div class=\"elementor-post__excerpt\">\n\t\t\t<p>Fundada em 2005 INFO Fonte de talheres de ouro diretos da f\u00e1brica - mais de 100 modelos, solu\u00e7\u00f5es OEM personalizadas e<\/p>\n\t\t<\/div>\n\t\t\t\t<\/div>\n\t\t\t\t<div class=\"elementor-post__meta-data\">\n\t\t\t\t\t<span class=\"elementor-post-date\">\n\t\t\tfevereiro 22, 2025\t\t<\/span>\n\t\t\t\t<\/div>\n\t\t\t\t\t<\/div>\n\t\t<\/article>\n\t\t\t\t<article class=\"elementor-post elementor-grid-item post-2684 page type-page status-publish has-post-thumbnail hentry\" role=\"listitem\">\n\t\t\t<div class=\"elementor-post__card\">\n\t\t\t\t<a class=\"elementor-post__thumbnail__link\" href=\"https:\/\/www.sunwinc.com\/pt\/informacao\/conjuntos-de-talheres-de-prata-por-atacado-premium-qualidade-ao-preco-de-fator\/\" tabindex=\"-1\" ><div class=\"elementor-post__thumbnail\"><img loading=\"lazy\" decoding=\"async\" width=\"678\" height=\"711\" src=\"https:\/\/www.sunwinc.com\/wp-content\/uploads\/2024\/05\/Shunwinc-Cutlery-rd.webp\" class=\"attachment-full size-full wp-image-690\" alt=\"\" srcset=\"https:\/\/www.sunwinc.com\/wp-content\/uploads\/2024\/05\/Shunwinc-Cutlery-rd.webp 678w, https:\/\/www.sunwinc.com\/wp-content\/uploads\/2024\/05\/Shunwinc-Cutlery-rd-600x629.webp 600w, https:\/\/www.sunwinc.com\/wp-content\/uploads\/2024\/05\/Shunwinc-Cutlery-rd-286x300.webp 286w, https:\/\/www.sunwinc.com\/wp-content\/uploads\/2024\/05\/Shunwinc-Cutlery-rd-11x12.webp 11w\" sizes=\"(max-width: 678px) 100vw, 678px\" \/><\/div><\/a>\n\t\t\t\t<div class=\"elementor-post__text\">\n\t\t\t\t<h3 class=\"elementor-post__title\">\n\t\t\t<a href=\"https:\/\/www.sunwinc.com\/pt\/informacao\/conjuntos-de-talheres-de-prata-por-atacado-premium-qualidade-ao-preco-de-fator\/\" >\n\t\t\t\tConjuntos de talheres de prata a granel por atacado - Qualidade Premium a pre\u00e7os de f\u00e1brica\t\t\t<\/a>\n\t\t<\/h3>\n\t\t\t\t<div class=\"elementor-post__excerpt\">\n\t\t\t<p>Fundada em 2005 INFORMA\u00c7\u00c3O Compre talheres de prata a granel diretamente da f\u00e1brica! Vasta gama de<\/p>\n\t\t<\/div>\n\t\t\t\t<\/div>\n\t\t\t\t<div class=\"elementor-post__meta-data\">\n\t\t\t\t\t<span class=\"elementor-post-date\">\n\t\t\tfevereiro 17, 2025\t\t<\/span>\n\t\t\t\t<\/div>\n\t\t\t\t\t<\/div>\n\t\t<\/article>\n\t\t\t\t<article class=\"elementor-post elementor-grid-item post-2642 page type-page status-publish has-post-thumbnail hentry\" role=\"listitem\">\n\t\t\t<div class=\"elementor-post__card\">\n\t\t\t\t<a class=\"elementor-post__thumbnail__link\" href=\"https:\/\/www.sunwinc.com\/pt\/informacao\/comprar-wholesale-black-flatware\/\" tabindex=\"-1\" ><div class=\"elementor-post__thumbnail\"><img loading=\"lazy\" decoding=\"async\" width=\"677\" height=\"439\" src=\"https:\/\/www.sunwinc.com\/wp-content\/uploads\/2024\/05\/Shunwinc-cutlery-10.webp\" class=\"attachment-full size-full wp-image-889\" alt=\"\" srcset=\"https:\/\/www.sunwinc.com\/wp-content\/uploads\/2024\/05\/Shunwinc-cutlery-10.webp 677w, https:\/\/www.sunwinc.com\/wp-content\/uploads\/2024\/05\/Shunwinc-cutlery-10-600x389.webp 600w, https:\/\/www.sunwinc.com\/wp-content\/uploads\/2024\/05\/Shunwinc-cutlery-10-300x195.webp 300w, https:\/\/www.sunwinc.com\/wp-content\/uploads\/2024\/05\/Shunwinc-cutlery-10-18x12.webp 18w\" sizes=\"(max-width: 677px) 100vw, 677px\" \/><\/div><\/a>\n\t\t\t\t<div class=\"elementor-post__text\">\n\t\t\t\t<h3 class=\"elementor-post__title\">\n\t\t\t<a href=\"https:\/\/www.sunwinc.com\/pt\/informacao\/comprar-wholesale-black-flatware\/\" >\n\t\t\t\tComprar talheres pretos por grosso\t\t\t<\/a>\n\t\t<\/h3>\n\t\t\t\t<div class=\"elementor-post__excerpt\">\n\t\t\t<p>Fundada em 2005 INFO Descubra uma vasta gama de talheres pretos por grosso diretamente da<\/p>\n\t\t<\/div>\n\t\t\t\t<\/div>\n\t\t\t\t<div class=\"elementor-post__meta-data\">\n\t\t\t\t\t<span class=\"elementor-post-date\">\n\t\t\t4 de dezembro de 2024\t\t<\/span>\n\t\t\t\t<\/div>\n\t\t\t\t\t<\/div>\n\t\t<\/article>\n\t\t\t\t<article class=\"elementor-post elementor-grid-item post-2578 page type-page status-publish has-post-thumbnail hentry\" role=\"listitem\">\n\t\t\t<div class=\"elementor-post__card\">\n\t\t\t\t<a class=\"elementor-post__thumbnail__link\" href=\"https:\/\/www.sunwinc.com\/pt\/informacao\/buy-bulk-18-10-cutlery\/\" tabindex=\"-1\" ><div class=\"elementor-post__thumbnail\"><img loading=\"lazy\" decoding=\"async\" width=\"2500\" height=\"2500\" src=\"https:\/\/www.sunwinc.com\/wp-content\/uploads\/2024\/07\/SW-157-Gold.jpg\" class=\"attachment-full size-full wp-image-1902\" alt=\"talheres de hotel em a\u00e7o inoxid\u00e1vel polido na m\u00e1quina de secar conjuntos de talheres\" srcset=\"https:\/\/www.sunwinc.com\/wp-content\/uploads\/2024\/07\/SW-157-Gold.jpg 2500w, https:\/\/www.sunwinc.com\/wp-content\/uploads\/2024\/07\/SW-157-Gold-600x600.jpg 600w, https:\/\/www.sunwinc.com\/wp-content\/uploads\/2024\/07\/SW-157-Gold-100x100.jpg 100w, https:\/\/www.sunwinc.com\/wp-content\/uploads\/2024\/07\/SW-157-Gold-300x300.jpg 300w, https:\/\/www.sunwinc.com\/wp-content\/uploads\/2024\/07\/SW-157-Gold-1024x1024.jpg 1024w, https:\/\/www.sunwinc.com\/wp-content\/uploads\/2024\/07\/SW-157-Gold-150x150.jpg 150w, https:\/\/www.sunwinc.com\/wp-content\/uploads\/2024\/07\/SW-157-Gold-768x768.jpg 768w, https:\/\/www.sunwinc.com\/wp-content\/uploads\/2024\/07\/SW-157-Gold-1536x1536.jpg 1536w, https:\/\/www.sunwinc.com\/wp-content\/uploads\/2024\/07\/SW-157-Gold-2048x2048.jpg 2048w, https:\/\/www.sunwinc.com\/wp-content\/uploads\/2024\/07\/SW-157-Gold-12x12.jpg 12w\" sizes=\"(max-width: 2500px) 100vw, 2500px\" \/><\/div><\/a>\n\t\t\t\t<div class=\"elementor-post__text\">\n\t\t\t\t<h3 class=\"elementor-post__title\">\n\t\t\t<a href=\"https:\/\/www.sunwinc.com\/pt\/informacao\/buy-bulk-18-10-cutlery\/\" >\n\t\t\t\tComprar talheres 18\/10 a granel\t\t\t<\/a>\n\t\t<\/h3>\n\t\t\t\t<div class=\"elementor-post__excerpt\">\n\t\t\t<p>Fundada em 2005 INFO Explore Talheres 18\/10 a granel: Designs personaliz\u00e1veis, diretos da f\u00e1brica, a pre\u00e7os imbat\u00edveis! Descobrir<\/p>\n\t\t<\/div>\n\t\t\t\t<\/div>\n\t\t\t\t<div class=\"elementor-post__meta-data\">\n\t\t\t\t\t<span class=\"elementor-post-date\">\n\t\t\t7 de novembro de 2024\t\t<\/span>\n\t\t\t\t<\/div>\n\t\t\t\t\t<\/div>\n\t\t<\/article>\n\t\t\t\t<article class=\"elementor-post elementor-grid-item post-2496 page type-page status-publish has-post-thumbnail hentry\" role=\"listitem\">\n\t\t\t<div class=\"elementor-post__card\">\n\t\t\t\t<a class=\"elementor-post__thumbnail__link\" href=\"https:\/\/www.sunwinc.com\/pt\/informacao\/comprar-melhor-flatware-por-grosso\/\" tabindex=\"-1\" ><div class=\"elementor-post__thumbnail\"><img loading=\"lazy\" decoding=\"async\" width=\"2500\" height=\"2500\" src=\"https:\/\/www.sunwinc.com\/wp-content\/uploads\/2024\/07\/SW-158.jpg\" class=\"attachment-full size-full wp-image-1857\" alt=\"produtos em voga 2024 novidades martelos 304 a\u00e7o inoxid\u00e1vel faca garfo e colher conjunto de talheres comprar por atacado melhor talheres\" srcset=\"https:\/\/www.sunwinc.com\/wp-content\/uploads\/2024\/07\/SW-158.jpg 2500w, https:\/\/www.sunwinc.com\/wp-content\/uploads\/2024\/07\/SW-158-600x600.jpg 600w, https:\/\/www.sunwinc.com\/wp-content\/uploads\/2024\/07\/SW-158-100x100.jpg 100w, https:\/\/www.sunwinc.com\/wp-content\/uploads\/2024\/07\/SW-158-300x300.jpg 300w, https:\/\/www.sunwinc.com\/wp-content\/uploads\/2024\/07\/SW-158-1024x1024.jpg 1024w, https:\/\/www.sunwinc.com\/wp-content\/uploads\/2024\/07\/SW-158-150x150.jpg 150w, https:\/\/www.sunwinc.com\/wp-content\/uploads\/2024\/07\/SW-158-768x768.jpg 768w, https:\/\/www.sunwinc.com\/wp-content\/uploads\/2024\/07\/SW-158-1536x1536.jpg 1536w, https:\/\/www.sunwinc.com\/wp-content\/uploads\/2024\/07\/SW-158-2048x2048.jpg 2048w, https:\/\/www.sunwinc.com\/wp-content\/uploads\/2024\/07\/SW-158-12x12.jpg 12w\" sizes=\"(max-width: 2500px) 100vw, 2500px\" \/><\/div><\/a>\n\t\t\t\t<div class=\"elementor-post__text\">\n\t\t\t\t<h3 class=\"elementor-post__title\">\n\t\t\t<a href=\"https:\/\/www.sunwinc.com\/pt\/informacao\/comprar-melhor-flatware-por-grosso\/\" >\n\t\t\t\tComprar os melhores talheres por grosso\t\t\t<\/a>\n\t\t<\/h3>\n\t\t\t\t<div class=\"elementor-post__excerpt\">\n\t\t\t<p>Fundada em 2005 INFO Wholesale Best Flatware: Designs elegantes, personaliz\u00e1veis e diretos da f\u00e1brica a pre\u00e7os imbat\u00edveis! Explorar<\/p>\n\t\t<\/div>\n\t\t\t\t<\/div>\n\t\t\t\t<div class=\"elementor-post__meta-data\">\n\t\t\t\t\t<span class=\"elementor-post-date\">\n\t\t\t6 de novembro de 2024\t\t<\/span>\n\t\t\t\t<\/div>\n\t\t\t\t\t<\/div>\n\t\t<\/article>\n\t\t\t\t<\/div>\n\t\t\n\t\t\t\t\t\t<\/div>\n\t\t\t\t<\/div>\n\t\t\t\t<\/div>\n\t\t\t\t\t<\/div>\n\t\t\t\t<\/div>\n\t\t\t\t<\/div>","protected":false},"excerpt":{"rendered":"<p>Fundada em 2005 Contacte-nos para mais produtos se n\u00e3o encontrar os produtos que procura aqui. Temos muito mais produtos dispon\u00edveis fora do s\u00edtio.<\/p>","protected":false},"author":2,"featured_media":0,"parent":0,"menu_order":0,"comment_status":"closed","ping_status":"closed","template":"","meta":{"_seopress_robots_primary_cat":"","_seopress_titles_title":"","_seopress_titles_desc":"","_seopress_robots_index":"","footnotes":""},"class_list":["post-2489","page","type-page","status-publish","hentry"],"_links":{"self":[{"href":"https:\/\/www.sunwinc.com\/pt\/wp-json\/wp\/v2\/pages\/2489","targetHints":{"allow":["GET"]}}],"collection":[{"href":"https:\/\/www.sunwinc.com\/pt\/wp-json\/wp\/v2\/pages"}],"about":[{"href":"https:\/\/www.sunwinc.com\/pt\/wp-json\/wp\/v2\/types\/page"}],"author":[{"embeddable":true,"href":"https:\/\/www.sunwinc.com\/pt\/wp-json\/wp\/v2\/users\/2"}],"replies":[{"embeddable":true,"href":"https:\/\/www.sunwinc.com\/pt\/wp-json\/wp\/v2\/comments?post=2489"}],"version-history":[{"count":25,"href":"https:\/\/www.sunwinc.com\/pt\/wp-json\/wp\/v2\/pages\/2489\/revisions"}],"predecessor-version":[{"id":2830,"href":"https:\/\/www.sunwinc.com\/pt\/wp-json\/wp\/v2\/pages\/2489\/revisions\/2830"}],"wp:attachment":[{"href":"https:\/\/www.sunwinc.com\/pt\/wp-json\/wp\/v2\/media?parent=2489"}],"curies":[{"name":"wp","href":"https:\/\/api.w.org\/{rel}","templated":true}]}}