{"id":32,"date":"2024-05-16T08:09:40","date_gmt":"2024-05-16T08:09:40","guid":{"rendered":"https:\/\/sunwinc.com\/?page_id=32"},"modified":"2025-03-24T02:26:27","modified_gmt":"2025-03-24T02:26:27","slug":"contact","status":"publish","type":"page","link":"https:\/\/www.sunwinc.com\/es\/pongase-en-contacto-con\/","title":{"rendered":"CONTACTO"},"content":{"rendered":"<div data-elementor-type=\"wp-page\" data-elementor-id=\"32\" class=\"elementor elementor-32\" data-elementor-post-type=\"page\">\n\t\t\t\t<div class=\"elementor-element elementor-element-b867ea5 e-flex e-con-boxed e-con e-parent\" data-id=\"b867ea5\" data-element_type=\"container\" data-settings=\"{&quot;background_background&quot;:&quot;classic&quot;}\">\n\t\t\t\t\t<div class=\"e-con-inner\">\n\t\t\t\t<div class=\"elementor-element elementor-element-8270c03 elementor-widget elementor-widget-heading\" data-id=\"8270c03\" data-element_type=\"widget\" data-widget_type=\"heading.default\">\n\t\t\t\t<div class=\"elementor-widget-container\">\n\t\t\t\t\t<h2 class=\"elementor-heading-title elementor-size-default\">Fundada en 2005<\/h2>\t\t\t\t<\/div>\n\t\t\t\t<\/div>\n\t\t\t\t<div class=\"elementor-element elementor-element-407fc8f elementor-invisible elementor-widget elementor-widget-heading\" data-id=\"407fc8f\" data-element_type=\"widget\" data-settings=\"{&quot;_animation&quot;:&quot;fadeInUp&quot;}\" data-widget_type=\"heading.default\">\n\t\t\t\t<div class=\"elementor-widget-container\">\n\t\t\t\t\t<h1 class=\"elementor-heading-title elementor-size-default\">CONTACTO<\/h1>\t\t\t\t<\/div>\n\t\t\t\t<\/div>\n\t\t\t\t<div class=\"elementor-element elementor-element-9578600 elementor-widget elementor-widget-text-editor\" data-id=\"9578600\" data-element_type=\"widget\" data-widget_type=\"text-editor.default\">\n\t\t\t\t<div class=\"elementor-widget-container\">\n\t\t\t\t\t\t\t\t\t<p>P\u00f3ngase en contacto con nosotros para obtener la cita o muestras gratis a trav\u00e9s de nuestro sitio web, tel\u00e9fono, correo electr\u00f3nico, Wechat o Whatsapp ...<\/p>\t\t\t\t\t\t\t\t<\/div>\n\t\t\t\t<\/div>\n\t\t\t\t\t<\/div>\n\t\t\t\t<\/div>\n\t\t<div class=\"elementor-element elementor-element-4d617bec e-flex e-con-boxed e-con e-parent\" data-id=\"4d617bec\" data-element_type=\"container\">\n\t\t\t\t\t<div class=\"e-con-inner\">\n\t\t\t\t<div class=\"elementor-element elementor-element-7dd8fdb4 elementor-widget elementor-widget-text-editor\" data-id=\"7dd8fdb4\" data-element_type=\"widget\" data-widget_type=\"text-editor.default\">\n\t\t\t\t<div class=\"elementor-widget-container\">\n\t\t\t\t\t\t\t\t\t<p>P\u00f3ngase en contacto con <span style=\"color: #dc5a2f;\">Sunwinc<\/span>\u00a0Equipo de apoyo<\/p>\t\t\t\t\t\t\t\t<\/div>\n\t\t\t\t<\/div>\n\t\t\t\t\t<\/div>\n\t\t\t\t<\/div>\n\t\t<div class=\"elementor-element elementor-element-68692bc e-flex e-con-boxed e-con e-parent\" data-id=\"68692bc\" data-element_type=\"container\">\n\t\t\t\t\t<div class=\"e-con-inner\">\n\t\t<div class=\"elementor-element elementor-element-185e41c e-con-full e-flex e-con e-child\" data-id=\"185e41c\" data-element_type=\"container\">\n\t\t\t\t<div class=\"elementor-element elementor-element-21bf84e ekit-equal-height-enable elementor-widget elementor-widget-elementskit-icon-box\" data-id=\"21bf84e\" data-element_type=\"widget\" data-widget_type=\"elementskit-icon-box.default\">\n\t\t\t\t<div class=\"elementor-widget-container\">\n\t\t\t\t\t<div class=\"ekit-wid-con\" >        <!-- link opening -->\n                <a href=\"#\" class=\"ekit_global_links\">\n                <!-- end link opening -->\n\n        <div class=\"elementskit-infobox text-center text- icon-top-align elementor-animation-\">\n                    <div class=\"elementskit-box-header elementor-animation-grow\">\n                <div class=\"elementskit-info-box-icon\">\n                    <i aria-hidden=\"true\" class=\"elementkit-infobox-icon icon icon-phone-handset\"><\/i>\n                <\/div>\n          <\/div>\n                        <div class=\"box-body\">\n                            <h3 class=\"elementskit-info-box-title\">\n                    Tel                <\/h3>\n                        \t\t  \t<p>+86-663-8523466<\/p>\n                                <\/div>\n        \n        \n                <\/div>\n                <\/a>\n        <\/div>\t\t\t\t<\/div>\n\t\t\t\t<\/div>\n\t\t\t\t<\/div>\n\t\t<div class=\"elementor-element elementor-element-0127e8e e-con-full e-flex e-con e-child\" data-id=\"0127e8e\" data-element_type=\"container\">\n\t\t\t\t<div class=\"elementor-element elementor-element-b8e55cc ekit-equal-height-enable elementor-widget elementor-widget-elementskit-icon-box\" data-id=\"b8e55cc\" data-element_type=\"widget\" data-widget_type=\"elementskit-icon-box.default\">\n\t\t\t\t<div class=\"elementor-widget-container\">\n\t\t\t\t\t<div class=\"ekit-wid-con\" >        <!-- link opening -->\n                <a href=\"#\" class=\"ekit_global_links\">\n                <!-- end link opening -->\n\n        <div class=\"elementskit-infobox text-center text- icon-top-align elementor-animation-\">\n                    <div class=\"elementskit-box-header elementor-animation-grow\">\n                <div class=\"elementskit-info-box-icon\">\n                    <i aria-hidden=\"true\" class=\"elementkit-infobox-icon icon icon-contact\"><\/i>\n                <\/div>\n          <\/div>\n                        <div class=\"box-body\">\n                            <h3 class=\"elementskit-info-box-title\">\n                    Correo electr\u00f3nico                <\/h3>\n                        \t\t  \t<p>sales@sunwinc.com<br>\nsales02@sunwinc.com<\/p>\n                                <\/div>\n        \n        \n                <\/div>\n                <\/a>\n        <\/div>\t\t\t\t<\/div>\n\t\t\t\t<\/div>\n\t\t\t\t<\/div>\n\t\t<div class=\"elementor-element elementor-element-0f05c22 e-con-full e-flex e-con e-child\" data-id=\"0f05c22\" data-element_type=\"container\">\n\t\t\t\t<div class=\"elementor-element elementor-element-155eaa3 ekit-equal-height-enable elementor-widget elementor-widget-elementskit-icon-box\" data-id=\"155eaa3\" data-element_type=\"widget\" data-widget_type=\"elementskit-icon-box.default\">\n\t\t\t\t<div class=\"elementor-widget-container\">\n\t\t\t\t\t<div class=\"ekit-wid-con\" >        <!-- link opening -->\n                <a href=\"#\" class=\"ekit_global_links\">\n                <!-- end link opening -->\n\n        <div class=\"elementskit-infobox text-center text- icon-top-align elementor-animation-\">\n                    <div class=\"elementskit-box-header elementor-animation-grow\">\n                <div class=\"elementskit-info-box-icon\">\n                    <i aria-hidden=\"true\" class=\"elementkit-infobox-icon icon icon-map-marker1\"><\/i>\n                <\/div>\n          <\/div>\n                        <div class=\"box-body\">\n                            <h3 class=\"elementskit-info-box-title\">\n                    Direcci\u00f3n                <\/h3>\n                        \t\t  \t<p>Distrito industrial de Chaoxia Pueblo de Meiyun Ciudad de Rongcheng Jieyang, Guangdong, China.<\/p>\n                                <\/div>\n        \n        \n                <\/div>\n                <\/a>\n        <\/div>\t\t\t\t<\/div>\n\t\t\t\t<\/div>\n\t\t\t\t<\/div>\n\t\t<div class=\"elementor-element elementor-element-e2e27fd e-con-full e-flex e-con e-child\" data-id=\"e2e27fd\" data-element_type=\"container\">\n\t\t\t\t<div class=\"elementor-element elementor-element-f90d76d ekit-equal-height-enable elementor-widget elementor-widget-elementskit-icon-box\" data-id=\"f90d76d\" data-element_type=\"widget\" data-widget_type=\"elementskit-icon-box.default\">\n\t\t\t\t<div class=\"elementor-widget-container\">\n\t\t\t\t\t<div class=\"ekit-wid-con\" >        <!-- link opening -->\n                <a href=\"#\" class=\"ekit_global_links\">\n                <!-- end link opening -->\n\n        <div class=\"elementskit-infobox text-center text- icon-top-align elementor-animation-\">\n                    <div class=\"elementskit-box-header elementor-animation-grow\">\n                <div class=\"elementskit-info-box-icon\">\n                    <i aria-hidden=\"true\" class=\"elementkit-infobox-icon icon icon-smartphone2\"><\/i>\n                <\/div>\n          <\/div>\n                        <div class=\"box-body\">\n                            <h3 class=\"elementskit-info-box-title\">\n                    Cel\/Whatsapp\/Wechat                <\/h3>\n                        \t\t  \t<p>+8613927081775<br>\n+8618420381882<\/p>\n                                <\/div>\n        \n        \n                <\/div>\n                <\/a>\n        <\/div>\t\t\t\t<\/div>\n\t\t\t\t<\/div>\n\t\t\t\t<\/div>\n\t\t\t\t\t<\/div>\n\t\t\t\t<\/div>\n\t\t<div class=\"elementor-element elementor-element-b0527b6 e-flex e-con-boxed e-con e-parent\" data-id=\"b0527b6\" data-element_type=\"container\">\n\t\t\t\t\t<div class=\"e-con-inner\">\n\t\t\t\t<div class=\"elementor-element elementor-element-3ad6bc1 elementor-widget elementor-widget-google_maps\" data-id=\"3ad6bc1\" data-element_type=\"widget\" data-widget_type=\"google_maps.default\">\n\t\t\t\t<div class=\"elementor-widget-container\">\n\t\t\t\t\t\t\t<div class=\"elementor-custom-embed\">\n\t\t\t<iframe loading=\"lazy\"\n\t\t\t\t\tsrc=\"https:\/\/maps.google.com\/maps?q=%E4%BC%AF%E5%8A%B3%E6%9D%91%2C%E6%A2%85%E4%BA%91%E9%95%87%2C%E6%A6%95%E5%9F%8E%E5%8C%BA%2C%E6%8F%AD%E9%98%B3%E5%B8%82%2C%E4%B8%AD%E5%9B%BD&#038;t=m&#038;z=10&#038;output=embed&#038;iwloc=near\"\n\t\t\t\t\ttitle=\"\u4f2f\u52b3\u6751,\u6885\u4e91\u9547,\u6995\u57ce\u533a,\u63ed\u9633\u5e02,\u4e2d\u56fd\"\n\t\t\t\t\taria-label=\"\u4f2f\u52b3\u6751,\u6885\u4e91\u9547,\u6995\u57ce\u533a,\u63ed\u9633\u5e02,\u4e2d\u56fd\"\n\t\t\t><\/iframe>\n\t\t<\/div>\n\t\t\t\t\t\t<\/div>\n\t\t\t\t<\/div>\n\t\t\t\t\t<\/div>\n\t\t\t\t<\/div>\n\t\t\t\t<\/div>","protected":false},"excerpt":{"rendered":"<p>Fundada en 2005 P\u00f3ngase en contacto con nosotros para obtener el presupuesto o muestras gratuitas a trav\u00e9s de nuestro sitio web, tel\u00e9fono, correo electr\u00f3nico, Wechat o Whatsapp ... Contacto Sunwinc Equipo de Apoyo Tel +86-663-8523466 Email sales@sunwinc.com sales02@sunwinc.com Direcci\u00f3n Chaoxia distrito industrial Meiyun ciudad Rongcheng Jieyang, Guangdong, China. Cel\/Whatsapp\/Wechat +8613927081775 +8618420381882<\/p>","protected":false},"author":2,"featured_media":0,"parent":0,"menu_order":0,"comment_status":"closed","ping_status":"closed","template":"","meta":{"_seopress_robots_primary_cat":"","_seopress_titles_title":"","_seopress_titles_desc":"","_seopress_robots_index":"","footnotes":""},"class_list":["post-32","page","type-page","status-publish","hentry"],"_links":{"self":[{"href":"https:\/\/www.sunwinc.com\/es\/wp-json\/wp\/v2\/pages\/32","targetHints":{"allow":["GET"]}}],"collection":[{"href":"https:\/\/www.sunwinc.com\/es\/wp-json\/wp\/v2\/pages"}],"about":[{"href":"https:\/\/www.sunwinc.com\/es\/wp-json\/wp\/v2\/types\/page"}],"author":[{"embeddable":true,"href":"https:\/\/www.sunwinc.com\/es\/wp-json\/wp\/v2\/users\/2"}],"replies":[{"embeddable":true,"href":"https:\/\/www.sunwinc.com\/es\/wp-json\/wp\/v2\/comments?post=32"}],"version-history":[{"count":52,"href":"https:\/\/www.sunwinc.com\/es\/wp-json\/wp\/v2\/pages\/32\/revisions"}],"predecessor-version":[{"id":2749,"href":"https:\/\/www.sunwinc.com\/es\/wp-json\/wp\/v2\/pages\/32\/revisions\/2749"}],"wp:attachment":[{"href":"https:\/\/www.sunwinc.com\/es\/wp-json\/wp\/v2\/media?parent=32"}],"curies":[{"name":"wp","href":"https:\/\/api.w.org\/{rel}","templated":true}]}}