{"id":2489,"date":"2024-11-06T02:38:41","date_gmt":"2024-11-06T02:38:41","guid":{"rendered":"https:\/\/www.sunwinc.com\/?page_id=2489"},"modified":"2026-01-19T06:59:07","modified_gmt":"2026-01-19T06:59:07","slug":"info","status":"publish","type":"page","link":"https:\/\/www.sunwinc.com\/es\/informacion\/","title":{"rendered":"Informaci\u00f3n"},"content":{"rendered":"<div data-elementor-type=\"wp-page\" data-elementor-id=\"2489\" class=\"elementor elementor-2489\" data-elementor-post-type=\"page\">\n\t\t\t\t<div class=\"elementor-element elementor-element-b9c2c74 e-flex e-con-boxed e-con e-parent\" data-id=\"b9c2c74\" data-element_type=\"container\" data-settings=\"{&quot;background_background&quot;:&quot;classic&quot;}\">\n\t\t\t\t\t<div class=\"e-con-inner\">\n\t\t\t\t<div class=\"elementor-element elementor-element-4cdc80a0 elementor-widget elementor-widget-heading\" data-id=\"4cdc80a0\" data-element_type=\"widget\" data-widget_type=\"heading.default\">\n\t\t\t\t<div class=\"elementor-widget-container\">\n\t\t\t\t\t<h2 class=\"elementor-heading-title elementor-size-default\">Fundada en 2005<\/h2>\t\t\t\t<\/div>\n\t\t\t\t<\/div>\n\t\t\t\t<div class=\"elementor-element elementor-element-2db65c elementor-widget elementor-widget-text-editor\" data-id=\"2db65c\" data-element_type=\"widget\" data-widget_type=\"text-editor.default\">\n\t\t\t\t<div class=\"elementor-widget-container\">\n\t\t\t\t\t\t\t\t\t<p>P\u00f3ngase en contacto con nosotros si no encuentra aqu\u00ed los productos que busca. Tenemos muchos m\u00e1s productos disponibles fuera del sitio.<\/p>\t\t\t\t\t\t\t\t<\/div>\n\t\t\t\t<\/div>\n\t\t\t\t\t<\/div>\n\t\t\t\t<\/div>\n\t\t<div class=\"elementor-element elementor-element-38a55e63 e-flex e-con-boxed e-con e-parent\" data-id=\"38a55e63\" data-element_type=\"container\">\n\t\t\t\t\t<div class=\"e-con-inner\">\n\t\t<div class=\"elementor-element elementor-element-7d48c6f9 e-con-full e-flex e-con e-child\" data-id=\"7d48c6f9\" data-element_type=\"container\">\n\t\t\t\t<div class=\"elementor-element elementor-element-dd20b9e elementor-grid-3 elementor-grid-tablet-2 elementor-grid-mobile-1 elementor-posts--thumbnail-top elementor-card-shadow-yes elementor-posts__hover-gradient elementor-widget elementor-widget-posts\" data-id=\"dd20b9e\" data-element_type=\"widget\" data-settings=\"{&quot;cards_row_gap_tablet&quot;:{&quot;unit&quot;:&quot;px&quot;,&quot;size&quot;:35,&quot;sizes&quot;:[]},&quot;cards_row_gap_mobile&quot;:{&quot;unit&quot;:&quot;px&quot;,&quot;size&quot;:30,&quot;sizes&quot;:[]},&quot;pagination_type&quot;:&quot;numbers_and_prev_next&quot;,&quot;cards_columns&quot;:&quot;3&quot;,&quot;cards_columns_tablet&quot;:&quot;2&quot;,&quot;cards_columns_mobile&quot;:&quot;1&quot;,&quot;cards_row_gap&quot;:{&quot;unit&quot;:&quot;px&quot;,&quot;size&quot;:35,&quot;sizes&quot;:[]}}\" data-widget_type=\"posts.cards\">\n\t\t\t\t<div class=\"elementor-widget-container\">\n\t\t\t\t\t\t\t<div class=\"elementor-posts-container elementor-posts elementor-posts--skin-cards elementor-grid\" role=\"list\">\n\t\t\t\t<article class=\"elementor-post elementor-grid-item post-2815 page type-page status-publish has-post-thumbnail hentry\" role=\"listitem\">\n\t\t\t<div class=\"elementor-post__card\">\n\t\t\t\t<a class=\"elementor-post__thumbnail__link\" href=\"https:\/\/www.sunwinc.com\/es\/informacion\/gold-cutlery-bulk\/\" tabindex=\"-1\" ><div class=\"elementor-post__thumbnail\"><img fetchpriority=\"high\" decoding=\"async\" width=\"800\" height=\"800\" src=\"https:\/\/www.sunwinc.com\/wp-content\/uploads\/2024\/07\/SW-8806.jpg\" class=\"attachment-full size-full wp-image-2325\" alt=\"sw 8805 acero inoxidable cuchillo tenedor y cuchara cubiertos juego de embalaje (\u590d\u5236)\" srcset=\"https:\/\/www.sunwinc.com\/wp-content\/uploads\/2024\/07\/SW-8806.jpg 800w, https:\/\/www.sunwinc.com\/wp-content\/uploads\/2024\/07\/SW-8806-600x600.jpg 600w, https:\/\/www.sunwinc.com\/wp-content\/uploads\/2024\/07\/SW-8806-100x100.jpg 100w, https:\/\/www.sunwinc.com\/wp-content\/uploads\/2024\/07\/SW-8806-300x300.jpg 300w, https:\/\/www.sunwinc.com\/wp-content\/uploads\/2024\/07\/SW-8806-150x150.jpg 150w, https:\/\/www.sunwinc.com\/wp-content\/uploads\/2024\/07\/SW-8806-768x768.jpg 768w, https:\/\/www.sunwinc.com\/wp-content\/uploads\/2024\/07\/SW-8806-12x12.jpg 12w\" sizes=\"(max-width: 800px) 100vw, 800px\" \/><\/div><\/a>\n\t\t\t\t<div class=\"elementor-post__text\">\n\t\t\t\t<h3 class=\"elementor-post__title\">\n\t\t\t<a href=\"https:\/\/www.sunwinc.com\/es\/informacion\/gold-cutlery-bulk\/\" >\n\t\t\t\tPedidos al por mayor de cubiertos de oro de primera calidad para empresas\t\t\t<\/a>\n\t\t<\/h3>\n\t\t\t\t<div class=\"elementor-post__excerpt\">\n\t\t\t<p>Fundada en 2005 Explore la cuberter\u00eda de oro de alta calidad de Sunwinc a granel para sus necesidades B2B. Ideal<\/p>\n\t\t<\/div>\n\t\t\t\t<\/div>\n\t\t\t\t<div class=\"elementor-post__meta-data\">\n\t\t\t\t\t<span class=\"elementor-post-date\">\n\t\t\t19 de enero de 2026\t\t<\/span>\n\t\t\t\t<\/div>\n\t\t\t\t\t<\/div>\n\t\t<\/article>\n\t\t\t\t<article class=\"elementor-post elementor-grid-item post-2800 page type-page status-publish has-post-thumbnail hentry\" role=\"listitem\">\n\t\t\t<div class=\"elementor-post__card\">\n\t\t\t\t<a class=\"elementor-post__thumbnail__link\" href=\"https:\/\/www.sunwinc.com\/es\/informacion\/18-10-stainless-steel-flatware\/\" tabindex=\"-1\" ><div class=\"elementor-post__thumbnail\"><img decoding=\"async\" width=\"2500\" height=\"2500\" src=\"https:\/\/www.sunwinc.com\/wp-content\/uploads\/2024\/07\/Kings.jpg\" class=\"attachment-full size-full wp-image-1776\" alt=\"sw 007 alta calidad tenedor cuchillo y cuchara conjunto cubiertos de acero inoxidable cubiertos de acero inoxidable para restaurante (\u590d\u5236)\" srcset=\"https:\/\/www.sunwinc.com\/wp-content\/uploads\/2024\/07\/Kings.jpg 2500w, https:\/\/www.sunwinc.com\/wp-content\/uploads\/2024\/07\/Kings-600x600.jpg 600w, https:\/\/www.sunwinc.com\/wp-content\/uploads\/2024\/07\/Kings-100x100.jpg 100w, https:\/\/www.sunwinc.com\/wp-content\/uploads\/2024\/07\/Kings-300x300.jpg 300w, https:\/\/www.sunwinc.com\/wp-content\/uploads\/2024\/07\/Kings-1024x1024.jpg 1024w, https:\/\/www.sunwinc.com\/wp-content\/uploads\/2024\/07\/Kings-150x150.jpg 150w, https:\/\/www.sunwinc.com\/wp-content\/uploads\/2024\/07\/Kings-768x768.jpg 768w, https:\/\/www.sunwinc.com\/wp-content\/uploads\/2024\/07\/Kings-1536x1536.jpg 1536w, https:\/\/www.sunwinc.com\/wp-content\/uploads\/2024\/07\/Kings-2048x2048.jpg 2048w, https:\/\/www.sunwinc.com\/wp-content\/uploads\/2024\/07\/Kings-12x12.jpg 12w\" sizes=\"(max-width: 2500px) 100vw, 2500px\" \/><\/div><\/a>\n\t\t\t\t<div class=\"elementor-post__text\">\n\t\t\t\t<h3 class=\"elementor-post__title\">\n\t\t\t<a href=\"https:\/\/www.sunwinc.com\/es\/informacion\/18-10-stainless-steel-flatware\/\" >\n\t\t\t\tCubiertos de acero inoxidable 18\/10 de alta calidad para sus necesidades B2B\t\t\t<\/a>\n\t\t<\/h3>\n\t\t\t\t<div class=\"elementor-post__excerpt\">\n\t\t\t<p>Fundada en 2005 Descubra la cuberter\u00eda de acero inoxidable 18\/10 de primera calidad de Sunwinc, perfecta para compras al por mayor<\/p>\n\t\t<\/div>\n\t\t\t\t<\/div>\n\t\t\t\t<div class=\"elementor-post__meta-data\">\n\t\t\t\t\t<span class=\"elementor-post-date\">\n\t\t\t19 de enero de 2026\t\t<\/span>\n\t\t\t\t<\/div>\n\t\t\t\t\t<\/div>\n\t\t<\/article>\n\t\t\t\t<article class=\"elementor-post elementor-grid-item post-2721 page type-page status-publish has-post-thumbnail hentry\" role=\"listitem\">\n\t\t\t<div class=\"elementor-post__card\">\n\t\t\t\t<a class=\"elementor-post__thumbnail__link\" href=\"https:\/\/www.sunwinc.com\/es\/informacion\/mayorista-cubiertos-de-cocina-proveedor-confiable-con-descuentos-moq\/\" tabindex=\"-1\" ><div class=\"elementor-post__thumbnail\"><img decoding=\"async\" width=\"663\" height=\"663\" src=\"https:\/\/www.sunwinc.com\/wp-content\/uploads\/2024\/05\/Sunwinc-Cutlery-2.webp\" class=\"attachment-full size-full wp-image-256\" alt=\"Mayorista Juegos de cubiertos de cocina - Proveedor de confianza con descuentos MOQ\" srcset=\"https:\/\/www.sunwinc.com\/wp-content\/uploads\/2024\/05\/Sunwinc-Cutlery-2.webp 663w, https:\/\/www.sunwinc.com\/wp-content\/uploads\/2024\/05\/Sunwinc-Cutlery-2-600x600.webp 600w, https:\/\/www.sunwinc.com\/wp-content\/uploads\/2024\/05\/Sunwinc-Cutlery-2-100x100.webp 100w, https:\/\/www.sunwinc.com\/wp-content\/uploads\/2024\/05\/Sunwinc-Cutlery-2-300x300.webp 300w, https:\/\/www.sunwinc.com\/wp-content\/uploads\/2024\/05\/Sunwinc-Cutlery-2-150x150.webp 150w, https:\/\/www.sunwinc.com\/wp-content\/uploads\/2024\/05\/Sunwinc-Cutlery-2-12x12.webp 12w\" sizes=\"(max-width: 663px) 100vw, 663px\" \/><\/div><\/a>\n\t\t\t\t<div class=\"elementor-post__text\">\n\t\t\t\t<h3 class=\"elementor-post__title\">\n\t\t\t<a href=\"https:\/\/www.sunwinc.com\/es\/informacion\/mayorista-cubiertos-de-cocina-proveedor-confiable-con-descuentos-moq\/\" >\n\t\t\t\tMayorista Juegos de cubiertos de cocina - Proveedor de confianza con descuentos MOQ\t\t\t<\/a>\n\t\t<\/h3>\n\t\t\t\t<div class=\"elementor-post__excerpt\">\n\t\t\t<p>Fundada en 2005 INFO Source juegos de cubiertos de cocina directos de f\u00e1brica - m\u00e1s de 100 dise\u00f1os, grabado personalizado &amp;<\/p>\n\t\t<\/div>\n\t\t\t\t<\/div>\n\t\t\t\t<div class=\"elementor-post__meta-data\">\n\t\t\t\t\t<span class=\"elementor-post-date\">\n\t\t\t26 de febrero de 2025\t\t<\/span>\n\t\t\t\t<\/div>\n\t\t\t\t\t<\/div>\n\t\t<\/article>\n\t\t\t\t<article class=\"elementor-post elementor-grid-item post-2701 page type-page status-publish has-post-thumbnail hentry\" role=\"listitem\">\n\t\t\t<div class=\"elementor-post__card\">\n\t\t\t\t<a class=\"elementor-post__thumbnail__link\" href=\"https:\/\/www.sunwinc.com\/es\/informacion\/mayorista-goldware-flatware-soluciones-oem-a-la-medida-disponible\/\" tabindex=\"-1\" ><div class=\"elementor-post__thumbnail\"><img loading=\"lazy\" decoding=\"async\" width=\"1000\" height=\"1000\" src=\"https:\/\/www.sunwinc.com\/wp-content\/uploads\/2024\/07\/SW-8804.jpg\" class=\"attachment-full size-full wp-image-2324\" alt=\"sw 8805 acero inoxidable cuchillo tenedor y cuchara cubiertos juego de embalaje (\u590d\u5236)\" srcset=\"https:\/\/www.sunwinc.com\/wp-content\/uploads\/2024\/07\/SW-8804.jpg 1000w, https:\/\/www.sunwinc.com\/wp-content\/uploads\/2024\/07\/SW-8804-600x600.jpg 600w, https:\/\/www.sunwinc.com\/wp-content\/uploads\/2024\/07\/SW-8804-100x100.jpg 100w, https:\/\/www.sunwinc.com\/wp-content\/uploads\/2024\/07\/SW-8804-300x300.jpg 300w, https:\/\/www.sunwinc.com\/wp-content\/uploads\/2024\/07\/SW-8804-150x150.jpg 150w, https:\/\/www.sunwinc.com\/wp-content\/uploads\/2024\/07\/SW-8804-768x768.jpg 768w, https:\/\/www.sunwinc.com\/wp-content\/uploads\/2024\/07\/SW-8804-12x12.jpg 12w\" sizes=\"(max-width: 1000px) 100vw, 1000px\" \/><\/div><\/a>\n\t\t\t\t<div class=\"elementor-post__text\">\n\t\t\t\t<h3 class=\"elementor-post__title\">\n\t\t\t<a href=\"https:\/\/www.sunwinc.com\/es\/informacion\/mayorista-goldware-flatware-soluciones-oem-a-la-medida-disponible\/\" >\n\t\t\t\tWholesale Goldware Cubiertos - Custom OEM Solutions Available\t\t\t<\/a>\n\t\t<\/h3>\n\t\t\t\t<div class=\"elementor-post__excerpt\">\n\t\t\t<p>Fundada en 2005 INFO Source cubiertos de oro directos de f\u00e1brica - m\u00e1s de 100 dise\u00f1os, soluciones OEM personalizadas &amp;<\/p>\n\t\t<\/div>\n\t\t\t\t<\/div>\n\t\t\t\t<div class=\"elementor-post__meta-data\">\n\t\t\t\t\t<span class=\"elementor-post-date\">\n\t\t\t22 de febrero de 2025\t\t<\/span>\n\t\t\t\t<\/div>\n\t\t\t\t\t<\/div>\n\t\t<\/article>\n\t\t\t\t<article class=\"elementor-post elementor-grid-item post-2684 page type-page status-publish has-post-thumbnail hentry\" role=\"listitem\">\n\t\t\t<div class=\"elementor-post__card\">\n\t\t\t\t<a class=\"elementor-post__thumbnail__link\" href=\"https:\/\/www.sunwinc.com\/es\/informacion\/al-por-mayor-cubiertos-de-plata-a-bulk-premium-quality-at-factory-prices\/\" tabindex=\"-1\" ><div class=\"elementor-post__thumbnail\"><img loading=\"lazy\" decoding=\"async\" width=\"678\" height=\"711\" src=\"https:\/\/www.sunwinc.com\/wp-content\/uploads\/2024\/05\/Shunwinc-Cutlery-rd.webp\" class=\"attachment-full size-full wp-image-690\" alt=\"\" srcset=\"https:\/\/www.sunwinc.com\/wp-content\/uploads\/2024\/05\/Shunwinc-Cutlery-rd.webp 678w, https:\/\/www.sunwinc.com\/wp-content\/uploads\/2024\/05\/Shunwinc-Cutlery-rd-600x629.webp 600w, https:\/\/www.sunwinc.com\/wp-content\/uploads\/2024\/05\/Shunwinc-Cutlery-rd-286x300.webp 286w, https:\/\/www.sunwinc.com\/wp-content\/uploads\/2024\/05\/Shunwinc-Cutlery-rd-11x12.webp 11w\" sizes=\"(max-width: 678px) 100vw, 678px\" \/><\/div><\/a>\n\t\t\t\t<div class=\"elementor-post__text\">\n\t\t\t\t<h3 class=\"elementor-post__title\">\n\t\t\t<a href=\"https:\/\/www.sunwinc.com\/es\/informacion\/al-por-mayor-cubiertos-de-plata-a-bulk-premium-quality-at-factory-prices\/\" >\n\t\t\t\tMayorista Juegos de cubiertos de plata a granel - Calidad superior a precios de f\u00e1brica\t\t\t<\/a>\n\t\t<\/h3>\n\t\t\t\t<div class=\"elementor-post__excerpt\">\n\t\t\t<p>Fundada en 2005 INFO \u00a1Compre cubiertos de plata a granel directamente de f\u00e1brica! Amplia gama de<\/p>\n\t\t<\/div>\n\t\t\t\t<\/div>\n\t\t\t\t<div class=\"elementor-post__meta-data\">\n\t\t\t\t\t<span class=\"elementor-post-date\">\n\t\t\t17 de febrero de 2025\t\t<\/span>\n\t\t\t\t<\/div>\n\t\t\t\t\t<\/div>\n\t\t<\/article>\n\t\t\t\t<article class=\"elementor-post elementor-grid-item post-2642 page type-page status-publish has-post-thumbnail hentry\" role=\"listitem\">\n\t\t\t<div class=\"elementor-post__card\">\n\t\t\t\t<a class=\"elementor-post__thumbnail__link\" href=\"https:\/\/www.sunwinc.com\/es\/informacion\/comprar-mayorista-flatware-negro\/\" tabindex=\"-1\" ><div class=\"elementor-post__thumbnail\"><img loading=\"lazy\" decoding=\"async\" width=\"677\" height=\"439\" src=\"https:\/\/www.sunwinc.com\/wp-content\/uploads\/2024\/05\/Shunwinc-cutlery-10.webp\" class=\"attachment-full size-full wp-image-889\" alt=\"\" srcset=\"https:\/\/www.sunwinc.com\/wp-content\/uploads\/2024\/05\/Shunwinc-cutlery-10.webp 677w, https:\/\/www.sunwinc.com\/wp-content\/uploads\/2024\/05\/Shunwinc-cutlery-10-600x389.webp 600w, https:\/\/www.sunwinc.com\/wp-content\/uploads\/2024\/05\/Shunwinc-cutlery-10-300x195.webp 300w, https:\/\/www.sunwinc.com\/wp-content\/uploads\/2024\/05\/Shunwinc-cutlery-10-18x12.webp 18w\" sizes=\"(max-width: 677px) 100vw, 677px\" \/><\/div><\/a>\n\t\t\t\t<div class=\"elementor-post__text\">\n\t\t\t\t<h3 class=\"elementor-post__title\">\n\t\t\t<a href=\"https:\/\/www.sunwinc.com\/es\/informacion\/comprar-mayorista-flatware-negro\/\" >\n\t\t\t\tComprar Cubiertos Negros al por mayor\t\t\t<\/a>\n\t\t<\/h3>\n\t\t\t\t<div class=\"elementor-post__excerpt\">\n\t\t\t<p>Fundada en 2005 INFO Descubra una amplia gama de cuberter\u00eda negra al por mayor directamente del<\/p>\n\t\t<\/div>\n\t\t\t\t<\/div>\n\t\t\t\t<div class=\"elementor-post__meta-data\">\n\t\t\t\t\t<span class=\"elementor-post-date\">\n\t\t\t4 de diciembre de 2024\t\t<\/span>\n\t\t\t\t<\/div>\n\t\t\t\t\t<\/div>\n\t\t<\/article>\n\t\t\t\t<article class=\"elementor-post elementor-grid-item post-2578 page type-page status-publish has-post-thumbnail hentry\" role=\"listitem\">\n\t\t\t<div class=\"elementor-post__card\">\n\t\t\t\t<a class=\"elementor-post__thumbnail__link\" href=\"https:\/\/www.sunwinc.com\/es\/informacion\/buy-bulk-18-10-cutlery\/\" tabindex=\"-1\" ><div class=\"elementor-post__thumbnail\"><img loading=\"lazy\" decoding=\"async\" width=\"2500\" height=\"2500\" src=\"https:\/\/www.sunwinc.com\/wp-content\/uploads\/2024\/07\/SW-157-Gold.jpg\" class=\"attachment-full size-full wp-image-1902\" alt=\"juegos de cubiertos de hotel de acero inoxidable pulido en tambor juegos de cubiertos\" srcset=\"https:\/\/www.sunwinc.com\/wp-content\/uploads\/2024\/07\/SW-157-Gold.jpg 2500w, https:\/\/www.sunwinc.com\/wp-content\/uploads\/2024\/07\/SW-157-Gold-600x600.jpg 600w, https:\/\/www.sunwinc.com\/wp-content\/uploads\/2024\/07\/SW-157-Gold-100x100.jpg 100w, https:\/\/www.sunwinc.com\/wp-content\/uploads\/2024\/07\/SW-157-Gold-300x300.jpg 300w, https:\/\/www.sunwinc.com\/wp-content\/uploads\/2024\/07\/SW-157-Gold-1024x1024.jpg 1024w, https:\/\/www.sunwinc.com\/wp-content\/uploads\/2024\/07\/SW-157-Gold-150x150.jpg 150w, https:\/\/www.sunwinc.com\/wp-content\/uploads\/2024\/07\/SW-157-Gold-768x768.jpg 768w, https:\/\/www.sunwinc.com\/wp-content\/uploads\/2024\/07\/SW-157-Gold-1536x1536.jpg 1536w, https:\/\/www.sunwinc.com\/wp-content\/uploads\/2024\/07\/SW-157-Gold-2048x2048.jpg 2048w, https:\/\/www.sunwinc.com\/wp-content\/uploads\/2024\/07\/SW-157-Gold-12x12.jpg 12w\" sizes=\"(max-width: 2500px) 100vw, 2500px\" \/><\/div><\/a>\n\t\t\t\t<div class=\"elementor-post__text\">\n\t\t\t\t<h3 class=\"elementor-post__title\">\n\t\t\t<a href=\"https:\/\/www.sunwinc.com\/es\/informacion\/buy-bulk-18-10-cutlery\/\" >\n\t\t\t\tComprar Cubiertos 18\/10 a granel\t\t\t<\/a>\n\t\t<\/h3>\n\t\t\t\t<div class=\"elementor-post__excerpt\">\n\t\t\t<p>Fundada en 2005 INFO Explore Cuberter\u00eda 18\/10 a granel: \u00a1Directo de f\u00e1brica, dise\u00f1os personalizables a precios imbatibles! Descubra<\/p>\n\t\t<\/div>\n\t\t\t\t<\/div>\n\t\t\t\t<div class=\"elementor-post__meta-data\">\n\t\t\t\t\t<span class=\"elementor-post-date\">\n\t\t\t7 de noviembre de 2024\t\t<\/span>\n\t\t\t\t<\/div>\n\t\t\t\t\t<\/div>\n\t\t<\/article>\n\t\t\t\t<article class=\"elementor-post elementor-grid-item post-2496 page type-page status-publish has-post-thumbnail hentry\" role=\"listitem\">\n\t\t\t<div class=\"elementor-post__card\">\n\t\t\t\t<a class=\"elementor-post__thumbnail__link\" href=\"https:\/\/www.sunwinc.com\/es\/informacion\/comprar-mayorista-mejor-flatware\/\" tabindex=\"-1\" ><div class=\"elementor-post__thumbnail\"><img loading=\"lazy\" decoding=\"async\" width=\"2500\" height=\"2500\" src=\"https:\/\/www.sunwinc.com\/wp-content\/uploads\/2024\/07\/SW-158.jpg\" class=\"attachment-full size-full wp-image-1857\" alt=\"trending products 2024 new arrivals martillos 304 acero inoxidable cuchillo tenedor y cuchara juego cubiertos Comprar al por mayor mejor cubiertos\" srcset=\"https:\/\/www.sunwinc.com\/wp-content\/uploads\/2024\/07\/SW-158.jpg 2500w, https:\/\/www.sunwinc.com\/wp-content\/uploads\/2024\/07\/SW-158-600x600.jpg 600w, https:\/\/www.sunwinc.com\/wp-content\/uploads\/2024\/07\/SW-158-100x100.jpg 100w, https:\/\/www.sunwinc.com\/wp-content\/uploads\/2024\/07\/SW-158-300x300.jpg 300w, https:\/\/www.sunwinc.com\/wp-content\/uploads\/2024\/07\/SW-158-1024x1024.jpg 1024w, https:\/\/www.sunwinc.com\/wp-content\/uploads\/2024\/07\/SW-158-150x150.jpg 150w, https:\/\/www.sunwinc.com\/wp-content\/uploads\/2024\/07\/SW-158-768x768.jpg 768w, https:\/\/www.sunwinc.com\/wp-content\/uploads\/2024\/07\/SW-158-1536x1536.jpg 1536w, https:\/\/www.sunwinc.com\/wp-content\/uploads\/2024\/07\/SW-158-2048x2048.jpg 2048w, https:\/\/www.sunwinc.com\/wp-content\/uploads\/2024\/07\/SW-158-12x12.jpg 12w\" sizes=\"(max-width: 2500px) 100vw, 2500px\" \/><\/div><\/a>\n\t\t\t\t<div class=\"elementor-post__text\">\n\t\t\t\t<h3 class=\"elementor-post__title\">\n\t\t\t<a href=\"https:\/\/www.sunwinc.com\/es\/informacion\/comprar-mayorista-mejor-flatware\/\" >\n\t\t\t\tComprar al por mayor los mejores cubiertos\t\t\t<\/a>\n\t\t<\/h3>\n\t\t\t\t<div class=\"elementor-post__excerpt\">\n\t\t\t<p>Fundada en 2005 INFO Wholesale Best Flatware: \u00a1Directo de F\u00e1brica, Personalizable, Dise\u00f1os Elegantes a Precios Inmejorables! Explorar<\/p>\n\t\t<\/div>\n\t\t\t\t<\/div>\n\t\t\t\t<div class=\"elementor-post__meta-data\">\n\t\t\t\t\t<span class=\"elementor-post-date\">\n\t\t\t6 de noviembre de 2024\t\t<\/span>\n\t\t\t\t<\/div>\n\t\t\t\t\t<\/div>\n\t\t<\/article>\n\t\t\t\t<\/div>\n\t\t\n\t\t\t\t\t\t<\/div>\n\t\t\t\t<\/div>\n\t\t\t\t<\/div>\n\t\t\t\t\t<\/div>\n\t\t\t\t<\/div>\n\t\t\t\t<\/div>","protected":false},"excerpt":{"rendered":"<p>Fundada en 2005 P\u00f3ngase en contacto con nosotros si no encuentra aqu\u00ed los productos que busca. Tenemos muchos m\u00e1s productos disponibles fuera del sitio.<\/p>","protected":false},"author":2,"featured_media":0,"parent":0,"menu_order":0,"comment_status":"closed","ping_status":"closed","template":"","meta":{"_seopress_robots_primary_cat":"","_seopress_titles_title":"","_seopress_titles_desc":"","_seopress_robots_index":"","footnotes":""},"class_list":["post-2489","page","type-page","status-publish","hentry"],"_links":{"self":[{"href":"https:\/\/www.sunwinc.com\/es\/wp-json\/wp\/v2\/pages\/2489","targetHints":{"allow":["GET"]}}],"collection":[{"href":"https:\/\/www.sunwinc.com\/es\/wp-json\/wp\/v2\/pages"}],"about":[{"href":"https:\/\/www.sunwinc.com\/es\/wp-json\/wp\/v2\/types\/page"}],"author":[{"embeddable":true,"href":"https:\/\/www.sunwinc.com\/es\/wp-json\/wp\/v2\/users\/2"}],"replies":[{"embeddable":true,"href":"https:\/\/www.sunwinc.com\/es\/wp-json\/wp\/v2\/comments?post=2489"}],"version-history":[{"count":25,"href":"https:\/\/www.sunwinc.com\/es\/wp-json\/wp\/v2\/pages\/2489\/revisions"}],"predecessor-version":[{"id":2830,"href":"https:\/\/www.sunwinc.com\/es\/wp-json\/wp\/v2\/pages\/2489\/revisions\/2830"}],"wp:attachment":[{"href":"https:\/\/www.sunwinc.com\/es\/wp-json\/wp\/v2\/media?parent=2489"}],"curies":[{"name":"wp","href":"https:\/\/api.w.org\/{rel}","templated":true}]}}