{"id":16,"date":"2024-05-16T08:07:45","date_gmt":"2024-05-16T08:07:45","guid":{"rendered":"https:\/\/sunwinc.com\/?page_id=16"},"modified":"2024-07-05T01:30:55","modified_gmt":"2024-07-05T01:30:55","slug":"rd-and-design","status":"publish","type":"page","link":"https:\/\/www.sunwinc.com\/es\/artesania\/","title":{"rendered":"I+D y dise\u00f1o"},"content":{"rendered":"<div data-elementor-type=\"wp-page\" data-elementor-id=\"16\" class=\"elementor elementor-16\" data-elementor-post-type=\"page\">\n\t\t\t\t<div class=\"elementor-element elementor-element-7467e0c8 e-flex e-con-boxed e-con e-parent\" data-id=\"7467e0c8\" data-element_type=\"container\" data-settings=\"{&quot;background_background&quot;:&quot;classic&quot;}\">\n\t\t\t\t\t<div class=\"e-con-inner\">\n\t\t\t\t<div class=\"elementor-element elementor-element-3d42ba80 elementor-widget elementor-widget-heading\" data-id=\"3d42ba80\" data-element_type=\"widget\" data-widget_type=\"heading.default\">\n\t\t\t\t<div class=\"elementor-widget-container\">\n\t\t\t\t\t<h2 class=\"elementor-heading-title elementor-size-default\">Fundada en 2005<\/h2>\t\t\t\t<\/div>\n\t\t\t\t<\/div>\n\t\t\t\t<div class=\"elementor-element elementor-element-222edd36 elementor-invisible elementor-widget elementor-widget-heading\" data-id=\"222edd36\" data-element_type=\"widget\" data-settings=\"{&quot;_animation&quot;:&quot;fadeInUp&quot;}\" data-widget_type=\"heading.default\">\n\t\t\t\t<div class=\"elementor-widget-container\">\n\t\t\t\t\t<h1 class=\"elementor-heading-title elementor-size-default\">I+D y dise\u00f1o<\/h1>\t\t\t\t<\/div>\n\t\t\t\t<\/div>\n\t\t\t\t<div class=\"elementor-element elementor-element-ebbc419 elementor-widget elementor-widget-text-editor\" data-id=\"ebbc419\" data-element_type=\"widget\" data-widget_type=\"text-editor.default\">\n\t\t\t\t<div class=\"elementor-widget-container\">\n\t\t\t\t\t\t\t\t\t<p>Adem\u00e1s de nuestros propios productos, ofrecemos servicio OEM y tambi\u00e9n aceptamos pedidos personalizados.\u00a0<\/p>\t\t\t\t\t\t\t\t<\/div>\n\t\t\t\t<\/div>\n\t\t\t\t\t<\/div>\n\t\t\t\t<\/div>\n\t\t<div class=\"elementor-element elementor-element-87f721c e-flex e-con-boxed e-con e-parent\" data-id=\"87f721c\" data-element_type=\"container\" data-settings=\"{&quot;background_background&quot;:&quot;classic&quot;}\">\n\t\t\t\t\t<div class=\"e-con-inner\">\n\t\t\t\t<div class=\"elementor-element elementor-element-82af662 elementor-widget elementor-widget-heading\" data-id=\"82af662\" data-element_type=\"widget\" data-widget_type=\"heading.default\">\n\t\t\t\t<div class=\"elementor-widget-container\">\n\t\t\t\t\t<h2 class=\"elementor-heading-title elementor-size-default\">Ventajas de I+D y dise\u00f1o<\/h2>\t\t\t\t<\/div>\n\t\t\t\t<\/div>\n\t\t\t\t<div class=\"elementor-element elementor-element-00985e0 elementor-widget-tablet__width-initial elementor-widget elementor-widget-text-editor\" data-id=\"00985e0\" data-element_type=\"widget\" data-widget_type=\"text-editor.default\">\n\t\t\t\t<div class=\"elementor-widget-container\">\n\t\t\t\t\t\t\t\t\tEn Sunwinc Cutlery, nuestra dedicaci\u00f3n a la investigaci\u00f3n y el desarrollo innovadores est\u00e1 a la vanguardia de nuestro progreso, mejorando significativamente la calidad de nuestros cubiertos de acero inoxidable. Nuestro compromiso con la innovaci\u00f3n no se detiene ah\u00ed; continuamente superamos los l\u00edmites con dise\u00f1os inventivos, incluyendo patrones contempor\u00e1neos lujosos y modernos.\t\t\t\t\t\t\t\t<\/div>\n\t\t\t\t<\/div>\n\t\t<div class=\"elementor-element elementor-element-6e88982 e-flex e-con-boxed e-con e-child\" data-id=\"6e88982\" data-element_type=\"container\">\n\t\t\t\t\t<div class=\"e-con-inner\">\n\t\t<div class=\"elementor-element elementor-element-65be88d e-flex e-con-boxed e-con e-child\" data-id=\"65be88d\" data-element_type=\"container\">\n\t\t\t\t\t<div class=\"e-con-inner\">\n\t\t\t\t<div class=\"elementor-element elementor-element-0edb098 elementor-widget elementor-widget-image\" data-id=\"0edb098\" data-element_type=\"widget\" data-widget_type=\"image.default\">\n\t\t\t\t<div class=\"elementor-widget-container\">\n\t\t\t\t\t\t\t\t\t\t\t\t\t\t\t<img fetchpriority=\"high\" decoding=\"async\" width=\"678\" height=\"597\" src=\"https:\/\/www.sunwinc.com\/wp-content\/uploads\/2024\/05\/Shunwinc-RD-2.webp\" class=\"attachment-full size-full wp-image-669\" alt=\"\" srcset=\"https:\/\/www.sunwinc.com\/wp-content\/uploads\/2024\/05\/Shunwinc-RD-2.webp 678w, https:\/\/www.sunwinc.com\/wp-content\/uploads\/2024\/05\/Shunwinc-RD-2-600x528.webp 600w, https:\/\/www.sunwinc.com\/wp-content\/uploads\/2024\/05\/Shunwinc-RD-2-300x264.webp 300w, https:\/\/www.sunwinc.com\/wp-content\/uploads\/2024\/05\/Shunwinc-RD-2-14x12.webp 14w\" sizes=\"(max-width: 678px) 100vw, 678px\" \/>\t\t\t\t\t\t\t\t\t\t\t\t\t\t\t<\/div>\n\t\t\t\t<\/div>\n\t\t\t\t\t<\/div>\n\t\t\t\t<\/div>\n\t\t<div class=\"elementor-element elementor-element-27dbbdb e-flex e-con-boxed e-con e-child\" data-id=\"27dbbdb\" data-element_type=\"container\">\n\t\t\t\t\t<div class=\"e-con-inner\">\n\t\t\t\t<div class=\"elementor-element elementor-element-83e891d elementor-widget elementor-widget-heading\" data-id=\"83e891d\" data-element_type=\"widget\" data-widget_type=\"heading.default\">\n\t\t\t\t<div class=\"elementor-widget-container\">\n\t\t\t\t\t<h2 class=\"elementor-heading-title elementor-size-default\">Dise\u00f1o<\/h2>\t\t\t\t<\/div>\n\t\t\t\t<\/div>\n\t\t\t\t<div class=\"elementor-element elementor-element-8412da8 elementor-widget elementor-widget-elementskit-stylish-list\" data-id=\"8412da8\" data-element_type=\"widget\" data-widget_type=\"elementskit-stylish-list.default\">\n\t\t\t\t<div class=\"elementor-widget-container\">\n\t\t\t\t\t<div class=\"ekit-wid-con\">\t\t<ul class=\"ekit-stylish-list\" data-ekit-animation= \"fadeInUp\">\n\t\t\t\t\t\t\t<li class=\"ekit-stylish-list-content-wrapper elementor-repeater-item-585fac1 animated-\"  data-ekit-delay=\"0\">\n\t\t\t\t\t\t\t\t\t\t<div class=\"ekit-stylish-list-content\">\n\t\t\t\t\t\t\t\t\t\t\t\t\t\t\t\t\t\t\t<div class=\"ekit-stylish-list-content-icon\">\t\t\t\n\t\t\t\t\t\t\t\t<i aria-hidden=\"true\" class=\"icon icon-push-pin1\"><\/i>\t\t\t\n\t\t\t\t\t\t\t<\/div>\n\t\t\t\t\t\t\t\t\t\t\t\t\t\t\t\t\t\t<div class=\"ekit-stylish-list-content-text\">\n\t\t\t\t\t\t\t<span class=\"ekit-stylish-list-content-title\"><\/span>\n\t\t\t\t\t\t\t\t\t\t\t\t\t\t\t<span class=\"ekit-stylish-list-content-description\">Sunwinc se compromete a elaborar una exquisita colecci\u00f3n de cubiertos de plata, oro y acero inoxidable, combinando una calidad inigualable con la excelencia est\u00e9tica. Durante casi dos d\u00e9cadas, hemos liderado la industria con dise\u00f1os innovadores que combinan la elegancia de la tradici\u00f3n cl\u00e1sica con la delicadeza del estilo moderno, dando lugar a algunas de las creaciones de cuberter\u00eda m\u00e1s sublimes.<\/span>\n\t\t\t\t\t\t\t\t\t\t\t\t\t<\/div>\n\t\t\t\t\t\t\t\t\t\t\t<\/div>\n\t\t\t\t\t\n\t\t\t\t<\/li>\n\t\t\t\t\t\t\t\t\t\t\t<li class=\"ekit-stylish-list-content-wrapper elementor-repeater-item-c97c6c2 animated-\"  data-ekit-delay=\"0\">\n\t\t\t\t\t\t\t\t\t\t<div class=\"ekit-stylish-list-content\">\n\t\t\t\t\t\t\t\t\t\t\t\t\t\t\t\t\t\t\t<div class=\"ekit-stylish-list-content-icon\">\t\t\t\n\t\t\t\t\t\t\t\t<i aria-hidden=\"true\" class=\"icon icon-push-pin1\"><\/i>\t\t\t\n\t\t\t\t\t\t\t<\/div>\n\t\t\t\t\t\t\t\t\t\t\t\t\t\t\t\t\t\t<div class=\"ekit-stylish-list-content-text\">\n\t\t\t\t\t\t\t<span class=\"ekit-stylish-list-content-title\"><\/span>\n\t\t\t\t\t\t\t\t\t\t\t\t\t\t\t<span class=\"ekit-stylish-list-content-description\">Nuestros ingenieros de dise\u00f1o analizan meticulosamente la din\u00e1mica de la l\u00ednea de flujo y el equilibrio de las proporciones, asegur\u00e1ndose de que cada cuchara y tenedor se elabora con distintos grosores de metal que se adhieren con precisi\u00f3n a nuestros planos de dise\u00f1o. Esta rigurosa atenci\u00f3n al detalle garantiza la ejecuci\u00f3n de nuestra visi\u00f3n a la perfecci\u00f3n. Nuestros dise\u00f1os no s\u00f3lo embellecen la longitud de cada pieza, sino tambi\u00e9n su parte delantera y trasera, mostrando nuestra minuciosa dedicaci\u00f3n al arte. Como verdaderos conocedores de la artesan\u00eda, Sunwinc es inquebrantable en nuestra b\u00fasqueda de la perfecci\u00f3n, dedicando un inmenso cuidado y precisi\u00f3n hasta que presentamos a nuestros clientes nada menos que la obra maestra de la cuchiller\u00eda ideal.<\/span>\n\t\t\t\t\t\t\t\t\t\t\t\t\t<\/div>\n\t\t\t\t\t\t\t\t\t\t\t<\/div>\n\t\t\t\t\t\n\t\t\t\t<\/li>\n\t\t\t\t\t\t\t\t\t<\/ul>\n\t<\/div>\t\t\t\t<\/div>\n\t\t\t\t<\/div>\n\t\t\t\t\t<\/div>\n\t\t\t\t<\/div>\n\t\t\t\t\t<\/div>\n\t\t\t\t<\/div>\n\t\t\t\t\t<\/div>\n\t\t\t\t<\/div>\n\t\t<div class=\"elementor-element elementor-element-01d2557 e-flex e-con-boxed e-con e-parent\" data-id=\"01d2557\" data-element_type=\"container\" data-settings=\"{&quot;background_background&quot;:&quot;classic&quot;}\">\n\t\t\t\t\t<div class=\"e-con-inner\">\n\t\t<div class=\"elementor-element elementor-element-bada2ad e-flex e-con-boxed e-con e-child\" data-id=\"bada2ad\" data-element_type=\"container\">\n\t\t\t\t\t<div class=\"e-con-inner\">\n\t\t<div class=\"elementor-element elementor-element-bd15be2 e-flex e-con-boxed e-con e-child\" data-id=\"bd15be2\" data-element_type=\"container\">\n\t\t\t\t\t<div class=\"e-con-inner\">\n\t\t\t\t<div class=\"elementor-element elementor-element-7476d8b elementor-widget elementor-widget-heading\" data-id=\"7476d8b\" data-element_type=\"widget\" data-widget_type=\"heading.default\">\n\t\t\t\t<div class=\"elementor-widget-container\">\n\t\t\t\t\t<h2 class=\"elementor-heading-title elementor-size-default\">Desarrollo<\/h2>\t\t\t\t<\/div>\n\t\t\t\t<\/div>\n\t\t\t\t<div class=\"elementor-element elementor-element-8858188 elementor-widget elementor-widget-elementskit-stylish-list\" data-id=\"8858188\" data-element_type=\"widget\" data-widget_type=\"elementskit-stylish-list.default\">\n\t\t\t\t<div class=\"elementor-widget-container\">\n\t\t\t\t\t<div class=\"ekit-wid-con\">\t\t<ul class=\"ekit-stylish-list\" data-ekit-animation= \"fadeInUp\">\n\t\t\t\t\t\t\t<li class=\"ekit-stylish-list-content-wrapper elementor-repeater-item-585fac1 animated-\"  data-ekit-delay=\"0\">\n\t\t\t\t\t\t\t\t\t\t<div class=\"ekit-stylish-list-content\">\n\t\t\t\t\t\t\t\t\t\t\t\t\t\t\t\t\t\t\t<div class=\"ekit-stylish-list-content-icon\">\t\t\t\n\t\t\t\t\t\t\t\t<i aria-hidden=\"true\" class=\"icon icon-push-pin1\"><\/i>\t\t\t\n\t\t\t\t\t\t\t<\/div>\n\t\t\t\t\t\t\t\t\t\t\t\t\t\t\t\t\t\t<div class=\"ekit-stylish-list-content-text\">\n\t\t\t\t\t\t\t<span class=\"ekit-stylish-list-content-title\"><\/span>\n\t\t\t\t\t\t\t\t\t\t\t\t\t\t\t<span class=\"ekit-stylish-list-content-description\">Nuestro compromiso con la precisi\u00f3n dicta que la forma de cada componente se adhiera fielmente a sus esquemas de ingenier\u00eda iniciales.<\/span>\n\t\t\t\t\t\t\t\t\t\t\t\t\t<\/div>\n\t\t\t\t\t\t\t\t\t\t\t<\/div>\n\t\t\t\t\t\n\t\t\t\t<\/li>\n\t\t\t\t\t\t\t\t\t\t\t<li class=\"ekit-stylish-list-content-wrapper elementor-repeater-item-b608c78 animated-\"  data-ekit-delay=\"0\">\n\t\t\t\t\t\t\t\t\t\t<div class=\"ekit-stylish-list-content\">\n\t\t\t\t\t\t\t\t\t\t\t\t\t\t\t\t\t\t\t<div class=\"ekit-stylish-list-content-icon\">\t\t\t\n\t\t\t\t\t\t\t\t<i aria-hidden=\"true\" class=\"icon icon-push-pin1\"><\/i>\t\t\t\n\t\t\t\t\t\t\t<\/div>\n\t\t\t\t\t\t\t\t\t\t\t\t\t\t\t\t\t\t<div class=\"ekit-stylish-list-content-text\">\n\t\t\t\t\t\t\t<span class=\"ekit-stylish-list-content-title\"><\/span>\n\t\t\t\t\t\t\t\t\t\t\t\t\t\t\t<span class=\"ekit-stylish-list-content-description\">Dedicamos una atenci\u00f3n escrupulosa a la solidez y el equilibrio de cada art\u00edculo de nuestra colecci\u00f3n, prestando especial atenci\u00f3n al aplomo de los cuchillos.<\/span>\n\t\t\t\t\t\t\t\t\t\t\t\t\t<\/div>\n\t\t\t\t\t\t\t\t\t\t\t<\/div>\n\t\t\t\t\t\n\t\t\t\t<\/li>\n\t\t\t\t\t\t\t\t\t\t\t<li class=\"ekit-stylish-list-content-wrapper elementor-repeater-item-cea5a0a animated-\"  data-ekit-delay=\"0\">\n\t\t\t\t\t\t\t\t\t\t<div class=\"ekit-stylish-list-content\">\n\t\t\t\t\t\t\t\t\t\t\t\t\t\t\t\t\t\t\t<div class=\"ekit-stylish-list-content-icon\">\t\t\t\n\t\t\t\t\t\t\t\t<i aria-hidden=\"true\" class=\"icon icon-push-pin1\"><\/i>\t\t\t\n\t\t\t\t\t\t\t<\/div>\n\t\t\t\t\t\t\t\t\t\t\t\t\t\t\t\t\t\t<div class=\"ekit-stylish-list-content-text\">\n\t\t\t\t\t\t\t<span class=\"ekit-stylish-list-content-title\"><\/span>\n\t\t\t\t\t\t\t\t\t\t\t\t\t\t\t<span class=\"ekit-stylish-list-content-description\">La ergonom\u00eda est\u00e1 en el centro de nuestra filosof\u00eda de dise\u00f1o, especialmente evidente en la elegante curvatura de los mangos de nuestras cucharas, que garantizan comodidad y funcionalidad.<\/span>\n\t\t\t\t\t\t\t\t\t\t\t\t\t<\/div>\n\t\t\t\t\t\t\t\t\t\t\t<\/div>\n\t\t\t\t\t\n\t\t\t\t<\/li>\n\t\t\t\t\t\t\t\t\t\t\t<li class=\"ekit-stylish-list-content-wrapper elementor-repeater-item-3ca7688 animated-\"  data-ekit-delay=\"0\">\n\t\t\t\t\t\t\t\t\t\t<div class=\"ekit-stylish-list-content\">\n\t\t\t\t\t\t\t\t\t\t\t\t\t\t\t\t\t\t\t<div class=\"ekit-stylish-list-content-icon\">\t\t\t\n\t\t\t\t\t\t\t\t<i aria-hidden=\"true\" class=\"icon icon-push-pin1\"><\/i>\t\t\t\n\t\t\t\t\t\t\t<\/div>\n\t\t\t\t\t\t\t\t\t\t\t\t\t\t\t\t\t\t<div class=\"ekit-stylish-list-content-text\">\n\t\t\t\t\t\t\t<span class=\"ekit-stylish-list-content-title\"><\/span>\n\t\t\t\t\t\t\t\t\t\t\t\t\t\t\t<span class=\"ekit-stylish-list-content-description\">El pulido y la mejora de la superficie de nuestros cubiertos est\u00e1n meticulosamente alineados con nuestra \u00e9tica de dise\u00f1o global, reflejando una uni\u00f3n perfecta de forma y acabado.<\/span>\n\t\t\t\t\t\t\t\t\t\t\t\t\t<\/div>\n\t\t\t\t\t\t\t\t\t\t\t<\/div>\n\t\t\t\t\t\n\t\t\t\t<\/li>\n\t\t\t\t\t\t\t\t\t\t\t<li class=\"ekit-stylish-list-content-wrapper elementor-repeater-item-eece8a3 animated-\"  data-ekit-delay=\"0\">\n\t\t\t\t\t\t\t\t\t\t<div class=\"ekit-stylish-list-content\">\n\t\t\t\t\t\t\t\t\t\t\t\t\t\t\t\t\t\t\t<div class=\"ekit-stylish-list-content-icon\">\t\t\t\n\t\t\t\t\t\t\t\t<i aria-hidden=\"true\" class=\"icon icon-push-pin1\"><\/i>\t\t\t\n\t\t\t\t\t\t\t<\/div>\n\t\t\t\t\t\t\t\t\t\t\t\t\t\t\t\t\t\t<div class=\"ekit-stylish-list-content-text\">\n\t\t\t\t\t\t\t<span class=\"ekit-stylish-list-content-title\"><\/span>\n\t\t\t\t\t\t\t\t\t\t\t\t\t\t\t<span class=\"ekit-stylish-list-content-description\">Nuestras cajas de regalo, seleccionadas con la m\u00e1xima atenci\u00f3n al color y el dise\u00f1o, est\u00e1n pensadas para complementar la distinci\u00f3n y elegancia de los tesoros que contienen.<\/span>\n\t\t\t\t\t\t\t\t\t\t\t\t\t<\/div>\n\t\t\t\t\t\t\t\t\t\t\t<\/div>\n\t\t\t\t\t\n\t\t\t\t<\/li>\n\t\t\t\t\t\t\t\t\t\t\t<li class=\"ekit-stylish-list-content-wrapper elementor-repeater-item-181c3d9 animated-\"  data-ekit-delay=\"0\">\n\t\t\t\t\t\t\t\t\t\t<div class=\"ekit-stylish-list-content\">\n\t\t\t\t\t\t\t\t\t\t\t\t\t\t\t\t\t\t\t<div class=\"ekit-stylish-list-content-icon\">\t\t\t\n\t\t\t\t\t\t\t\t<i aria-hidden=\"true\" class=\"icon icon-push-pin1\"><\/i>\t\t\t\n\t\t\t\t\t\t\t<\/div>\n\t\t\t\t\t\t\t\t\t\t\t\t\t\t\t\t\t\t<div class=\"ekit-stylish-list-content-text\">\n\t\t\t\t\t\t\t<span class=\"ekit-stylish-list-content-title\"><\/span>\n\t\t\t\t\t\t\t\t\t\t\t\t\t\t\t<span class=\"ekit-stylish-list-content-description\">Etc<\/span>\n\t\t\t\t\t\t\t\t\t\t\t\t\t<\/div>\n\t\t\t\t\t\t\t\t\t\t\t<\/div>\n\t\t\t\t\t\n\t\t\t\t<\/li>\n\t\t\t\t\t\t\t\t\t<\/ul>\n\t<\/div>\t\t\t\t<\/div>\n\t\t\t\t<\/div>\n\t\t\t\t\t<\/div>\n\t\t\t\t<\/div>\n\t\t<div class=\"elementor-element elementor-element-3d8f968 e-flex e-con-boxed e-con e-child\" data-id=\"3d8f968\" data-element_type=\"container\">\n\t\t\t\t\t<div class=\"e-con-inner\">\n\t\t\t\t<div class=\"elementor-element elementor-element-95374a2 elementor-widget elementor-widget-image\" data-id=\"95374a2\" data-element_type=\"widget\" data-widget_type=\"image.default\">\n\t\t\t\t<div class=\"elementor-widget-container\">\n\t\t\t\t\t\t\t\t\t\t\t\t\t\t\t<img decoding=\"async\" width=\"678\" height=\"711\" src=\"https:\/\/www.sunwinc.com\/wp-content\/uploads\/2024\/05\/Shunwinc-Cutlery-rd.webp\" class=\"attachment-full size-full wp-image-690\" alt=\"\" srcset=\"https:\/\/www.sunwinc.com\/wp-content\/uploads\/2024\/05\/Shunwinc-Cutlery-rd.webp 678w, https:\/\/www.sunwinc.com\/wp-content\/uploads\/2024\/05\/Shunwinc-Cutlery-rd-600x629.webp 600w, https:\/\/www.sunwinc.com\/wp-content\/uploads\/2024\/05\/Shunwinc-Cutlery-rd-286x300.webp 286w, https:\/\/www.sunwinc.com\/wp-content\/uploads\/2024\/05\/Shunwinc-Cutlery-rd-11x12.webp 11w\" sizes=\"(max-width: 678px) 100vw, 678px\" \/>\t\t\t\t\t\t\t\t\t\t\t\t\t\t\t<\/div>\n\t\t\t\t<\/div>\n\t\t\t\t\t<\/div>\n\t\t\t\t<\/div>\n\t\t\t\t\t<\/div>\n\t\t\t\t<\/div>\n\t\t\t\t\t<\/div>\n\t\t\t\t<\/div>\n\t\t<div class=\"elementor-element elementor-element-688a48e e-flex e-con-boxed e-con e-parent\" data-id=\"688a48e\" data-element_type=\"container\" data-settings=\"{&quot;background_background&quot;:&quot;classic&quot;}\">\n\t\t\t\t\t<div class=\"e-con-inner\">\n\t\t\t\t<div class=\"elementor-element elementor-element-9753230 elementor-widget elementor-widget-heading\" data-id=\"9753230\" data-element_type=\"widget\" data-widget_type=\"heading.default\">\n\t\t\t\t<div class=\"elementor-widget-container\">\n\t\t\t\t\t<h2 class=\"elementor-heading-title elementor-size-default\">Artesan\u00eda meticulosa<\/h2>\t\t\t\t<\/div>\n\t\t\t\t<\/div>\n\t\t\t\t<div class=\"elementor-element elementor-element-fa1cbe0 elementor-widget-tablet__width-initial elementor-widget elementor-widget-text-editor\" data-id=\"fa1cbe0\" data-element_type=\"widget\" data-widget_type=\"text-editor.default\">\n\t\t\t\t<div class=\"elementor-widget-container\">\n\t\t\t\t\t\t\t\t\tEn nuestro taller, artesanos expertos, guiados por la sabidur\u00eda de experimentados maestros cuya experiencia abarca generaciones, perfeccionan meticulosamente su oficio. Adem\u00e1s, antes de salir de nuestras instalaciones, cada lote de nuestras creaciones es sometido a una rigurosa y exhaustiva inspecci\u00f3n por parte de nuestro equipo de especialistas en control de calidad. El punto central de estos ex\u00e1menes es una vigilancia constante sobre la belleza, la forma correcta y las dimensiones precisas de cada pieza terminada, garantizando que cada producto que sale de nuestro taller encarna el pin\u00e1culo de nuestro compromiso con la excelencia.\t\t\t\t\t\t\t\t<\/div>\n\t\t\t\t<\/div>\n\t\t\t\t<div class=\"elementor-element elementor-element-bacbf3c elementor-widget elementor-widget-image\" data-id=\"bacbf3c\" data-element_type=\"widget\" data-widget_type=\"image.default\">\n\t\t\t\t<div class=\"elementor-widget-container\">\n\t\t\t\t\t\t\t\t\t\t\t\t\t\t\t<img decoding=\"async\" width=\"1400\" height=\"506\" src=\"https:\/\/www.sunwinc.com\/wp-content\/uploads\/2024\/05\/Shunwinc-Cutlery-rd2.webp\" class=\"attachment-full size-full wp-image-694\" alt=\"\" srcset=\"https:\/\/www.sunwinc.com\/wp-content\/uploads\/2024\/05\/Shunwinc-Cutlery-rd2.webp 1400w, https:\/\/www.sunwinc.com\/wp-content\/uploads\/2024\/05\/Shunwinc-Cutlery-rd2-600x217.webp 600w, https:\/\/www.sunwinc.com\/wp-content\/uploads\/2024\/05\/Shunwinc-Cutlery-rd2-300x108.webp 300w, https:\/\/www.sunwinc.com\/wp-content\/uploads\/2024\/05\/Shunwinc-Cutlery-rd2-1024x370.webp 1024w, https:\/\/www.sunwinc.com\/wp-content\/uploads\/2024\/05\/Shunwinc-Cutlery-rd2-768x278.webp 768w, https:\/\/www.sunwinc.com\/wp-content\/uploads\/2024\/05\/Shunwinc-Cutlery-rd2-18x7.webp 18w\" sizes=\"(max-width: 1400px) 100vw, 1400px\" \/>\t\t\t\t\t\t\t\t\t\t\t\t\t\t\t<\/div>\n\t\t\t\t<\/div>\n\t\t\t\t\t<\/div>\n\t\t\t\t<\/div>\n\t\t<div class=\"elementor-element elementor-element-a4694c3 e-flex e-con-boxed e-con e-parent\" data-id=\"a4694c3\" data-element_type=\"container\" data-settings=\"{&quot;background_background&quot;:&quot;classic&quot;}\">\n\t\t\t\t\t<div class=\"e-con-inner\">\n\t\t\t\t<div class=\"elementor-element elementor-element-7e24fac4 elementor-widget elementor-widget-heading\" data-id=\"7e24fac4\" data-element_type=\"widget\" data-widget_type=\"heading.default\">\n\t\t\t\t<div class=\"elementor-widget-container\">\n\t\t\t\t\t<h1 class=\"elementor-heading-title elementor-size-default\">Por qu\u00e9 elegirnos<\/h1>\t\t\t\t<\/div>\n\t\t\t\t<\/div>\n\t\t<div class=\"elementor-element elementor-element-5d958249 e-flex e-con-boxed e-con e-child\" data-id=\"5d958249\" data-element_type=\"container\">\n\t\t\t\t\t<div class=\"e-con-inner\">\n\t\t\t\t<div class=\"elementor-element elementor-element-f14824b elementor-widget__width-initial elementor-position-top elementor-invisible elementor-widget elementor-widget-image-box\" data-id=\"f14824b\" data-element_type=\"widget\" data-settings=\"{&quot;_animation&quot;:&quot;fadeInUp&quot;}\" data-widget_type=\"image-box.default\">\n\t\t\t\t<div class=\"elementor-widget-container\">\n\t\t\t\t\t<div class=\"elementor-image-box-wrapper\"><figure class=\"elementor-image-box-img\"><img loading=\"lazy\" decoding=\"async\" width=\"127\" height=\"111\" src=\"https:\/\/www.sunwinc.com\/wp-content\/uploads\/2024\/05\/Sunwinc-1.webp\" class=\"attachment-full size-full wp-image-221\" alt=\"\" srcset=\"https:\/\/www.sunwinc.com\/wp-content\/uploads\/2024\/05\/Sunwinc-1.webp 127w, https:\/\/www.sunwinc.com\/wp-content\/uploads\/2024\/05\/Sunwinc-1-14x12.webp 14w\" sizes=\"(max-width: 127px) 100vw, 127px\" \/><\/figure><div class=\"elementor-image-box-content\"><h3 class=\"elementor-image-box-title\">M\u00e1s de 20 a\u00f1os de experiencia <\/h3><p class=\"elementor-image-box-description\">Su principal proveedor y fabricante de cubiertos de acero inoxidable. Sunwinc ha sido un fabricante de confianza desde 2005 con gran reputaci\u00f3n para los negocios y servicio al cliente.<\/p><\/div><\/div>\t\t\t\t<\/div>\n\t\t\t\t<\/div>\n\t\t\t\t<div class=\"elementor-element elementor-element-3a04ed5e elementor-widget__width-initial elementor-position-top elementor-invisible elementor-widget elementor-widget-image-box\" data-id=\"3a04ed5e\" data-element_type=\"widget\" data-settings=\"{&quot;_animation&quot;:&quot;fadeInUp&quot;}\" data-widget_type=\"image-box.default\">\n\t\t\t\t<div class=\"elementor-widget-container\">\n\t\t\t\t\t<div class=\"elementor-image-box-wrapper\"><figure class=\"elementor-image-box-img\"><img loading=\"lazy\" decoding=\"async\" width=\"127\" height=\"111\" src=\"https:\/\/www.sunwinc.com\/wp-content\/uploads\/2024\/05\/Sunwinc-2.webp\" class=\"attachment-full size-full wp-image-225\" alt=\"\" srcset=\"https:\/\/www.sunwinc.com\/wp-content\/uploads\/2024\/05\/Sunwinc-2.webp 127w, https:\/\/www.sunwinc.com\/wp-content\/uploads\/2024\/05\/Sunwinc-2-14x12.webp 14w\" sizes=\"(max-width: 127px) 100vw, 127px\" \/><\/figure><div class=\"elementor-image-box-content\"><h3 class=\"elementor-image-box-title\">Garant\u00eda de alta calidad<\/h3><p class=\"elementor-image-box-description\">Sunwinc tiene como objetivo ofrecer a nuestros clientes la m\u00e1xima calidad posible\ncon un precio competitivo.<\/p><\/div><\/div>\t\t\t\t<\/div>\n\t\t\t\t<\/div>\n\t\t\t\t<div class=\"elementor-element elementor-element-3d3d4429 elementor-widget__width-initial elementor-position-top elementor-invisible elementor-widget elementor-widget-image-box\" data-id=\"3d3d4429\" data-element_type=\"widget\" data-settings=\"{&quot;_animation&quot;:&quot;fadeInUp&quot;}\" data-widget_type=\"image-box.default\">\n\t\t\t\t<div class=\"elementor-widget-container\">\n\t\t\t\t\t<div class=\"elementor-image-box-wrapper\"><figure class=\"elementor-image-box-img\"><img loading=\"lazy\" decoding=\"async\" width=\"127\" height=\"111\" src=\"https:\/\/www.sunwinc.com\/wp-content\/uploads\/2024\/05\/Sunwinc-3.webp\" class=\"attachment-full size-full wp-image-226\" alt=\"\" srcset=\"https:\/\/www.sunwinc.com\/wp-content\/uploads\/2024\/05\/Sunwinc-3.webp 127w, https:\/\/www.sunwinc.com\/wp-content\/uploads\/2024\/05\/Sunwinc-3-14x12.webp 14w\" sizes=\"(max-width: 127px) 100vw, 127px\" \/><\/figure><div class=\"elementor-image-box-content\"><h3 class=\"elementor-image-box-title\">Precio moderado<\/h3><p class=\"elementor-image-box-description\">Siempre suministramos productos de alta calidad al mejor precio posible\npara cada cliente.<\/p><\/div><\/div>\t\t\t\t<\/div>\n\t\t\t\t<\/div>\n\t\t\t\t<div class=\"elementor-element elementor-element-44e3ad24 elementor-widget__width-initial elementor-position-top elementor-invisible elementor-widget elementor-widget-image-box\" data-id=\"44e3ad24\" data-element_type=\"widget\" data-settings=\"{&quot;_animation&quot;:&quot;fadeInUp&quot;}\" data-widget_type=\"image-box.default\">\n\t\t\t\t<div class=\"elementor-widget-container\">\n\t\t\t\t\t<div class=\"elementor-image-box-wrapper\"><figure class=\"elementor-image-box-img\"><img loading=\"lazy\" decoding=\"async\" width=\"127\" height=\"111\" src=\"https:\/\/www.sunwinc.com\/wp-content\/uploads\/2024\/05\/Sunwinc-4.webp\" class=\"attachment-full size-full wp-image-227\" alt=\"\" srcset=\"https:\/\/www.sunwinc.com\/wp-content\/uploads\/2024\/05\/Sunwinc-4.webp 127w, https:\/\/www.sunwinc.com\/wp-content\/uploads\/2024\/05\/Sunwinc-4-14x12.webp 14w\" sizes=\"(max-width: 127px) 100vw, 127px\" \/><\/figure><div class=\"elementor-image-box-content\"><h3 class=\"elementor-image-box-title\">OEM y ODM bienvenidos<\/h3><p class=\"elementor-image-box-description\">Bienvenido a dise\u00f1os personalizados. Nos centramos principalmente en el dise\u00f1o, desarrollo y procesamiento de productos innovadores que proporcionan a los clientes estilos de vida m\u00e1s c\u00f3modos.\nproductos innovadores que proporcionan a los clientes estilos de vida m\u00e1s c\u00f3modos.<\/p><\/div><\/div>\t\t\t\t<\/div>\n\t\t\t\t<\/div>\n\t\t\t\t\t<\/div>\n\t\t\t\t<\/div>\n\t\t\t\t\t<\/div>\n\t\t\t\t<\/div>\n\t\t\t\t<\/div>","protected":false},"excerpt":{"rendered":"<p>Fundada en 2005 Excepto nuestros propios productos, ofrecemos servicio OEM y aceptamos pedidos personalizados. Ventajas de I+D y dise\u00f1o En Sunwinc Cutlery, nuestra dedicaci\u00f3n a la investigaci\u00f3n y el desarrollo innovadores est\u00e1 a la vanguardia de nuestro progreso, mejorando significativamente la calidad de nuestros cubiertos de acero inoxidable. Nuestro compromiso con la innovaci\u00f3n no se detiene ah\u00ed; [...]<\/p>","protected":false},"author":2,"featured_media":0,"parent":0,"menu_order":0,"comment_status":"closed","ping_status":"closed","template":"","meta":{"_seopress_robots_primary_cat":"","_seopress_titles_title":"R&D And Design Advantages - Sunwinc cutlery","_seopress_titles_desc":"At Sunwinc Cutlery, our dedication to groundbreaking research and development stands at the forefront of our progress, significantly enhancing the quality of our stainless steel cutlery.","_seopress_robots_index":"","footnotes":""},"class_list":["post-16","page","type-page","status-publish","hentry"],"_links":{"self":[{"href":"https:\/\/www.sunwinc.com\/es\/wp-json\/wp\/v2\/pages\/16","targetHints":{"allow":["GET"]}}],"collection":[{"href":"https:\/\/www.sunwinc.com\/es\/wp-json\/wp\/v2\/pages"}],"about":[{"href":"https:\/\/www.sunwinc.com\/es\/wp-json\/wp\/v2\/types\/page"}],"author":[{"embeddable":true,"href":"https:\/\/www.sunwinc.com\/es\/wp-json\/wp\/v2\/users\/2"}],"replies":[{"embeddable":true,"href":"https:\/\/www.sunwinc.com\/es\/wp-json\/wp\/v2\/comments?post=16"}],"version-history":[{"count":81,"href":"https:\/\/www.sunwinc.com\/es\/wp-json\/wp\/v2\/pages\/16\/revisions"}],"predecessor-version":[{"id":1761,"href":"https:\/\/www.sunwinc.com\/es\/wp-json\/wp\/v2\/pages\/16\/revisions\/1761"}],"wp:attachment":[{"href":"https:\/\/www.sunwinc.com\/es\/wp-json\/wp\/v2\/media?parent=16"}],"curies":[{"name":"wp","href":"https:\/\/api.w.org\/{rel}","templated":true}]}}